{"id":29431,"date":"2025-08-18T16:16:39","date_gmt":"2025-08-18T13:16:39","guid":{"rendered":"https:\/\/ozsmtmekanik.com.tr\/?page_id=29431"},"modified":"2025-08-18T16:16:59","modified_gmt":"2025-08-18T13:16:59","slug":"sirkulasyon-pompalari","status":"publish","type":"page","link":"https:\/\/ozsmtmekanik.com.tr\/index.php\/sirkulasyon-pompalari\/","title":{"rendered":"Sirk\u00fclasyon Pompalar\u0131"},"content":{"rendered":"\t\t<div data-elementor-type=\"wp-page\" data-elementor-id=\"29431\" class=\"elementor elementor-29431\">\n\t\t\t\t<div class=\"wd-negative-gap elementor-element elementor-element-2b7fede e-flex e-con-boxed e-con e-parent\" data-id=\"2b7fede\" data-element_type=\"container\">\n\t\t\t\t\t<div class=\"e-con-inner\">\n\t\t\t\t<div class=\"elementor-element elementor-element-4925113 wd-width-100 elementor-widget elementor-widget-wd_products\" data-id=\"4925113\" data-element_type=\"widget\" data-widget_type=\"wd_products.default\">\n\t\t\t\t<div class=\"elementor-widget-container\">\n\t\t\t\t\t\t\t\t\t\t<div class=\"wd-products-element\">\n\n\t\t\t\n\t\t\t\n\t\t\t\n\t\t\t\n\t\t\t<div class=\"products wd-products pagination-infinit grid-columns-4 elements-grid title-line-one wd-grid-g\" data-paged=\"1\" data-atts=\"{&quot;speed&quot;:null,&quot;slides_per_view&quot;:null,&quot;wrap&quot;:null,&quot;autoplay&quot;:null,&quot;autoheight&quot;:null,&quot;hide_pagination_control&quot;:null,&quot;dynamic_pagination_control&quot;:null,&quot;hide_prev_next_buttons&quot;:null,&quot;carousel_arrows_position&quot;:null,&quot;hide_scrollbar&quot;:null,&quot;scroll_per_page&quot;:null,&quot;center_mode&quot;:null,&quot;spacing&quot;:&quot;&quot;,&quot;carousel_sync&quot;:null,&quot;sync_parent_id&quot;:null,&quot;sync_child_id&quot;:null,&quot;scroll_carousel_init&quot;:null,&quot;disable_overflow_carousel&quot;:null,&quot;include&quot;:null,&quot;taxonomies&quot;:[&quot;86&quot;],&quot;meta_key&quot;:null,&quot;shop_tools&quot;:null,&quot;ajax_recently_viewed&quot;:null,&quot;pagination&quot;:&quot;infinit&quot;,&quot;pagination_arrows_position&quot;:null,&quot;items_per_page&quot;:&quot;&quot;,&quot;columns&quot;:{&quot;unit&quot;:&quot;px&quot;,&quot;size&quot;:4,&quot;sizes&quot;:[]},&quot;products_masonry&quot;:&quot;&quot;,&quot;products_different_sizes&quot;:&quot;&quot;,&quot;product_quantity&quot;:&quot;&quot;,&quot;sale_countdown&quot;:&quot;0&quot;,&quot;stretch_product&quot;:null,&quot;stock_progress_bar&quot;:&quot;0&quot;,&quot;highlighted_products&quot;:&quot;0&quot;,&quot;products_divider&quot;:null,&quot;products_bordered_grid&quot;:&quot;&quot;,&quot;products_bordered_grid_style&quot;:null,&quot;products_with_background&quot;:&quot;0&quot;,&quot;products_shadow&quot;:&quot;&quot;,&quot;img_size&quot;:&quot;large&quot;,&quot;img_size_custom&quot;:null,&quot;grid_gallery_control&quot;:null,&quot;grid_gallery_enable_arrows&quot;:null,&quot;elementor&quot;:true,&quot;force_not_ajax&quot;:&quot;no&quot;}\" data-source=\"shortcode\" data-columns=\"4\" data-grid-gallery=\"\" style=\"--wd-col-lg:4;--wd-col-md:4;--wd-col-sm:2;--wd-gap-lg:20px;--wd-gap-sm:10px;\">\n\t\t\n\t\t\t\t\t\t\t\t<div class=\"wd-product wd-hover-tiled wd-col product-grid-item product type-product post-29176 status-publish instock product_cat-sirkulasyon-pompalari has-post-thumbnail shipping-taxable product-type-simple\" data-loop=\"1\" data-id=\"29176\">\n\t\n\t\n<div class=\"product-wrapper\">\n\t<div class=\"product-element-top wd-quick-shop\">\n\t\t<a href=\"https:\/\/ozsmtmekanik.com.tr\/index.php\/urun\/sirkulasyon-pompasi-1\/\" class=\"product-image-link\" aria-label=\"Sirk\u00fclasyon Pompas\u0131 &#8211; 1\">\n\t\t\t<img fetchpriority=\"high\" decoding=\"async\" width=\"700\" height=\"800\" src=\"https:\/\/ozsmtmekanik.com.tr\/wp-content\/uploads\/2025\/08\/1-11.jpg\" class=\"attachment-large size-large\" alt=\"\" srcset=\"https:\/\/ozsmtmekanik.com.tr\/wp-content\/uploads\/2025\/08\/1-11.jpg 700w, https:\/\/ozsmtmekanik.com.tr\/wp-content\/uploads\/2025\/08\/1-11-430x491.jpg 430w, https:\/\/ozsmtmekanik.com.tr\/wp-content\/uploads\/2025\/08\/1-11-150x171.jpg 150w, https:\/\/ozsmtmekanik.com.tr\/wp-content\/uploads\/2025\/08\/1-11-263x300.jpg 263w\" sizes=\"(max-width: 700px) 100vw, 700px\" \/>\t\t<\/a>\n\n\t\t\n\t\t<div class=\"wd-buttons wd-pos-r-t\">\n\t\t\t\t\t\t<div class=\"wd-add-btn wd-action-btn wd-style-icon wd-add-cart-icon\"><a href=\"https:\/\/ozsmtmekanik.com.tr\/index.php\/urun\/sirkulasyon-pompasi-1\/\" aria-describedby=\"woocommerce_loop_add_to_cart_link_describedby_29176\" data-quantity=\"1\" class=\"button product_type_simple add-to-cart-loop\" data-product_id=\"29176\" data-product_sku=\"\" aria-label=\"&ldquo;Sirk\u00fclasyon Pompas\u0131 - 1&rdquo; hakk\u0131nda daha fazla bilgi edinin\" rel=\"nofollow\" data-success_message=\"\"><span>Devam\u0131n\u0131 oku<\/span><\/a>\t<span id=\"woocommerce_loop_add_to_cart_link_describedby_29176\" class=\"screen-reader-text\">\n\t\t\t<\/span>\n<\/div>\n\t\t\t\t\t<div class=\"quick-view wd-action-btn wd-style-icon wd-quick-view-icon\">\n\t\t\t<a\n\t\t\t\thref=\"https:\/\/ozsmtmekanik.com.tr\/index.php\/urun\/sirkulasyon-pompasi-1\/\"\n\t\t\t\tclass=\"open-quick-view quick-view-button\"\n\t\t\t\trel=\"nofollow\"\n\t\t\t\tdata-id=\"29176\"\n\t\t\t\t>Quick view<\/a>\n\t\t<\/div>\n\t\t\t\t\t\t\t\t\t\t<\/div>\n\t<\/div>\n\n\t<div class=\"product-element-bottom\">\n\t\t<h3 class=\"wd-entities-title\"><a href=\"https:\/\/ozsmtmekanik.com.tr\/index.php\/urun\/sirkulasyon-pompasi-1\/\">Sirk\u00fclasyon Pompas\u0131 &#8211; 1<\/a><\/h3>\t\t\t\t<div class=\"wd-product-cats\">\n\t\t\t<a href=\"https:\/\/ozsmtmekanik.com.tr\/index.php\/urun-kategori\/sirkulasyon-pompalari\/\" rel=\"tag\">Sirk\u00fclasyon Pompalar\u0131<\/a>\t\t<\/div>\n\t\t\t\t\t\t\t\t\t\t\n\n\t\t\n\t\t\t\t\n\t\t\t<\/div>\n<\/div>\n<\/div>\n\t\t\n\t\t\t\t<\/div>\n\t\n\t\t\n\t\t\n\t\t\t\t\t<\/div>\n\t\t\n\t\t\t\t\t\t<\/div>\n\t\t\t\t<\/div>\n\t\t\t\t\t<\/div>\n\t\t\t\t<\/div>\n\t\t\t\t<\/div>\n\t\t","protected":false},"excerpt":{"rendered":"<p>Sirk\u00fclasyon Pompas\u0131 &#8211; 1 Sirk\u00fclasyon Pompalar\u0131 Sirk\u00fclasyon pompalar\u0131, s\u0131cak veya so\u011fuk suyun sistem i\u00e7inde s\u00fcrekli dola\u015f\u0131m\u0131n\u0131 sa\u011flayarak enerji verimlili\u011fini art\u0131r\u0131r<\/p>\n","protected":false},"author":1,"featured_media":0,"parent":0,"menu_order":0,"comment_status":"closed","ping_status":"closed","template":"","meta":{"footnotes":""},"class_list":["post-29431","page","type-page","status-publish","hentry"],"_links":{"self":[{"href":"https:\/\/ozsmtmekanik.com.tr\/index.php\/wp-json\/wp\/v2\/pages\/29431","targetHints":{"allow":["GET"]}}],"collection":[{"href":"https:\/\/ozsmtmekanik.com.tr\/index.php\/wp-json\/wp\/v2\/pages"}],"about":[{"href":"https:\/\/ozsmtmekanik.com.tr\/index.php\/wp-json\/wp\/v2\/types\/page"}],"author":[{"embeddable":true,"href":"https:\/\/ozsmtmekanik.com.tr\/index.php\/wp-json\/wp\/v2\/users\/1"}],"replies":[{"embeddable":true,"href":"https:\/\/ozsmtmekanik.com.tr\/index.php\/wp-json\/wp\/v2\/comments?post=29431"}],"version-history":[{"count":4,"href":"https:\/\/ozsmtmekanik.com.tr\/index.php\/wp-json\/wp\/v2\/pages\/29431\/revisions"}],"predecessor-version":[{"id":29435,"href":"https:\/\/ozsmtmekanik.com.tr\/index.php\/wp-json\/wp\/v2\/pages\/29431\/revisions\/29435"}],"wp:attachment":[{"href":"https:\/\/ozsmtmekanik.com.tr\/index.php\/wp-json\/wp\/v2\/media?parent=29431"}],"curies":[{"name":"wp","href":"https:\/\/api.w.org\/{rel}","templated":true}]}}