{"id":4400,"date":"2021-10-12T15:51:09","date_gmt":"2021-10-12T15:51:09","guid":{"rendered":"http:\/\/dummy.xtemos.com\/woodmart2\/elementor\/?page_id=4400"},"modified":"2025-08-15T16:28:00","modified_gmt":"2025-08-15T13:28:00","slug":"hakkimizda","status":"publish","type":"page","link":"https:\/\/ozsmtmekanik.com.tr\/index.php\/hakkimizda\/","title":{"rendered":"Hakk\u0131m\u0131zda"},"content":{"rendered":"\t\t<div data-elementor-type=\"wp-page\" data-elementor-id=\"4400\" class=\"elementor elementor-4400\">\n\t\t\t\t<div class=\"wd-negative-gap elementor-element elementor-element-7c7c544 e-flex e-con-boxed e-con e-parent\" data-id=\"7c7c544\" data-element_type=\"container\">\n\t\t\t\t\t<div class=\"e-con-inner\">\n\t\t<div class=\"elementor-element elementor-element-e7cb5cd e-con-full e-flex e-con e-child\" data-id=\"e7cb5cd\" data-element_type=\"container\">\n\t\t\t\t<div class=\"elementor-element elementor-element-56aec39 elementor-widget elementor-widget-wd_image_or_svg\" data-id=\"56aec39\" data-element_type=\"widget\" data-widget_type=\"wd_image_or_svg.default\">\n\t\t\t\t<div class=\"elementor-widget-container\">\n\t\t\t\t\t\n\t\t<div class=\"wd-image text-left\">\n\t\t\t\t\t\t\t\t<img fetchpriority=\"high\" decoding=\"async\" width=\"640\" height=\"640\" src=\"https:\/\/ozsmtmekanik.com.tr\/wp-content\/uploads\/2025\/08\/Z3osrRpI.jpg\" class=\"attachment-full size-full\" alt=\"\" srcset=\"https:\/\/ozsmtmekanik.com.tr\/wp-content\/uploads\/2025\/08\/Z3osrRpI.jpg 640w, https:\/\/ozsmtmekanik.com.tr\/wp-content\/uploads\/2025\/08\/Z3osrRpI-430x430.jpg 430w, https:\/\/ozsmtmekanik.com.tr\/wp-content\/uploads\/2025\/08\/Z3osrRpI-150x150.jpg 150w, https:\/\/ozsmtmekanik.com.tr\/wp-content\/uploads\/2025\/08\/Z3osrRpI-300x300.jpg 300w\" sizes=\"(max-width: 640px) 100vw, 640px\" \/>\t\t\t\t\t<\/div>\n\n\t\t\t\t\t\t<\/div>\n\t\t\t\t<\/div>\n\t\t\t\t<\/div>\n\t\t<div class=\"elementor-element elementor-element-97d6084 e-con-full e-flex e-con e-child\" data-id=\"97d6084\" data-element_type=\"container\">\n\t\t\t\t<div class=\"elementor-element elementor-element-98d830b wd-width-100 elementor-widget elementor-widget-wd_title\" data-id=\"98d830b\" data-element_type=\"widget\" data-widget_type=\"wd_title.default\">\n\t\t\t\t<div class=\"elementor-widget-container\">\n\t\t\t\t\t\t\t<div class=\"title-wrapper wd-set-mb reset-last-child wd-title-color-primary wd-title-style-default wd-title-size-large text-left\">\n\n\t\t\t\t\t\t\t\t\t\t\t<div class=\"title-subtitle subtitle-color-primary subtitle-style-default wd-fontsize-xs\">\n\t\t\t\t\tHAKKIMIZDA\t\t\t\t<\/div>\n\t\t\t\n\t\t\t<div class=\"liner-continer\">\n\t\t\t\t<h4 class=\"woodmart-title-container title wd-fontsize-xxl\">Kaliteli \u00c7\u00f6z\u00fcmler, G\u00fc\u00e7l\u00fc Sistemler<\/h4> \n\t\t\t\t\t\t\t<\/div>\n\n\t\t\t\t\t\t\t<div class=\"title-after_title reset-last-child wd-fontsize-s\">\n\t\t\t\t\t<p>\u00d6Z SMT Mekanik olarak, mekanik tesisat ve pompa sistemlerinde g\u00fcvenilir, kaliteli ve \u00e7\u00f6z\u00fcm odakl\u0131 hizmet sunuyoruz. G\u00fc\u00e7l\u00fc \u00fcr\u00fcn portf\u00f6y\u00fcm\u00fcz ve uzman kadromuz ile projelerinize de\u011fer kat\u0131yoruz.<\/p>\t\t\t\t<\/div>\n\t\t\t\t\t<\/div>\n\t\t\t\t\t\t<\/div>\n\t\t\t\t<\/div>\n\t\t\t\t<div class=\"elementor-element elementor-element-66e47ad elementor-widget elementor-widget-wd_text_block\" data-id=\"66e47ad\" data-element_type=\"widget\" data-widget_type=\"wd_text_block.default\">\n\t\t\t\t<div class=\"elementor-widget-container\">\n\t\t\t\t\t\t\t<div class=\"wd-text-block reset-last-child text-left\">\n\t\t\t\n\t\t\t<p>Bas\u0131n\u00e7 artt\u0131r\u0131c\u0131dan yang\u0131n pompalar\u0131na, sirk\u00fclasyon pompalar\u0131ndan genle\u015fme tanklar\u0131na kadar t\u00fcm tesisat ihtiya\u00e7lar\u0131n\u0131z tek \u00e7at\u0131 alt\u0131nda.<\/p><p>Y\u00fcksek kalite standartlar\u0131m\u0131z ve dayan\u0131kl\u0131 \u00fcr\u00fcnlerimizle, tesisatlar\u0131n\u0131z\u0131n verimli ve uzun \u00f6m\u00fcrl\u00fc \u00e7al\u0131\u015fmas\u0131n\u0131 sa\u011fl\u0131yoruz.<\/p><p>Her proje i\u00e7in \u00f6zel \u00e7\u00f6z\u00fcmler \u00fcretiyor, sat\u0131\u015f sonras\u0131 da yan\u0131n\u0131zda olmaya devam ediyoruz.<\/p><p>Kaliteyi ve g\u00fcveni temel alarak, mekanik tesisat ve pompa sistemlerinde \u00f6nc\u00fc olmay\u0131 s\u00fcrd\u00fcr\u00fcyoruz.<\/p><p>\u00a0<\/p>\n\t\t\t\t\t<\/div>\n\t\t\t\t\t\t<\/div>\n\t\t\t\t<\/div>\n\t\t\t\t<\/div>\n\t\t\t\t\t<\/div>\n\t\t\t\t<\/div>\n\t\t<div class=\"wd-negative-gap elementor-element elementor-element-18b6826 e-flex e-con-boxed e-con e-parent\" data-id=\"18b6826\" data-element_type=\"container\">\n\t\t\t\t\t<div class=\"e-con-inner\">\n\t\t\t\t<div class=\"elementor-element elementor-element-6f168a6 wd-width-100 elementor-widget elementor-widget-wd_products\" data-id=\"6f168a6\" data-element_type=\"widget\" data-widget_type=\"wd_products.default\">\n\t\t\t\t<div class=\"elementor-widget-container\">\n\t\t\t\t\t\t\t\t\t\t<div class=\"wd-products-element\">\n\n\t\t\t\n\t\t\t\n\t\t\t\n\t\t\t\n\t\t\t<div class=\"products wd-products grid-columns-4 elements-grid title-line-one wd-grid-g\" data-paged=\"1\" data-atts=\"{&quot;speed&quot;:null,&quot;slides_per_view&quot;:null,&quot;wrap&quot;:null,&quot;autoplay&quot;:null,&quot;autoheight&quot;:null,&quot;hide_pagination_control&quot;:null,&quot;dynamic_pagination_control&quot;:null,&quot;hide_prev_next_buttons&quot;:null,&quot;carousel_arrows_position&quot;:null,&quot;hide_scrollbar&quot;:null,&quot;scroll_per_page&quot;:null,&quot;center_mode&quot;:null,&quot;spacing&quot;:&quot;&quot;,&quot;carousel_sync&quot;:null,&quot;sync_parent_id&quot;:null,&quot;sync_child_id&quot;:null,&quot;scroll_carousel_init&quot;:null,&quot;disable_overflow_carousel&quot;:null,&quot;include&quot;:null,&quot;meta_key&quot;:null,&quot;shop_tools&quot;:null,&quot;ajax_recently_viewed&quot;:null,&quot;pagination_arrows_position&quot;:null,&quot;items_per_page&quot;:4,&quot;columns&quot;:{&quot;unit&quot;:&quot;px&quot;,&quot;size&quot;:4,&quot;sizes&quot;:[]},&quot;products_masonry&quot;:&quot;&quot;,&quot;products_different_sizes&quot;:&quot;&quot;,&quot;product_quantity&quot;:&quot;&quot;,&quot;sale_countdown&quot;:&quot;0&quot;,&quot;stretch_product&quot;:null,&quot;stock_progress_bar&quot;:&quot;0&quot;,&quot;highlighted_products&quot;:&quot;0&quot;,&quot;products_divider&quot;:null,&quot;products_bordered_grid&quot;:&quot;0&quot;,&quot;products_bordered_grid_style&quot;:null,&quot;products_with_background&quot;:&quot;0&quot;,&quot;products_shadow&quot;:&quot;0&quot;,&quot;img_size&quot;:&quot;large&quot;,&quot;img_size_custom&quot;:null,&quot;grid_gallery_control&quot;:null,&quot;grid_gallery_enable_arrows&quot;:null,&quot;elementor&quot;:true,&quot;force_not_ajax&quot;:&quot;no&quot;}\" data-source=\"shortcode\" data-columns=\"4\" data-grid-gallery=\"\" style=\"--wd-col-lg:4;--wd-col-md:4;--wd-col-sm:2;--wd-gap-lg:20px;--wd-gap-sm:10px;\">\n\t\t\n\t\t\t\t\t\t\t\t<div class=\"wd-product wd-hover-tiled wd-col product-grid-item product type-product post-232 status-publish instock product_cat-basinc-arttiricilar has-post-thumbnail shipping-taxable product-type-simple\" data-loop=\"1\" data-id=\"232\">\n\t\n\t\n<div class=\"product-wrapper\">\n\t<div class=\"product-element-top wd-quick-shop\">\n\t\t<a href=\"https:\/\/ozsmtmekanik.com.tr\/index.php\/urun\/basinc-arttirici-1\/\" class=\"product-image-link\" aria-label=\"Bas\u0131n\u00e7 Artt\u0131r\u0131c\u0131 -1\">\n\t\t\t<img decoding=\"async\" width=\"700\" height=\"800\" src=\"https:\/\/ozsmtmekanik.com.tr\/wp-content\/uploads\/2021\/08\/1.jpg\" class=\"attachment-large size-large\" alt=\"\" srcset=\"https:\/\/ozsmtmekanik.com.tr\/wp-content\/uploads\/2021\/08\/1.jpg 700w, https:\/\/ozsmtmekanik.com.tr\/wp-content\/uploads\/2021\/08\/1-430x491.jpg 430w, https:\/\/ozsmtmekanik.com.tr\/wp-content\/uploads\/2021\/08\/1-150x171.jpg 150w, https:\/\/ozsmtmekanik.com.tr\/wp-content\/uploads\/2021\/08\/1-263x300.jpg 263w\" sizes=\"(max-width: 700px) 100vw, 700px\" \/>\t\t<\/a>\n\n\t\t\t\t\t<div class=\"hover-img\">\n\t\t\t\t<img decoding=\"async\" width=\"700\" height=\"800\" src=\"https:\/\/ozsmtmekanik.com.tr\/wp-content\/uploads\/2021\/08\/1.jpg\" class=\"attachment-large size-large\" alt=\"\" srcset=\"https:\/\/ozsmtmekanik.com.tr\/wp-content\/uploads\/2021\/08\/1.jpg 700w, https:\/\/ozsmtmekanik.com.tr\/wp-content\/uploads\/2021\/08\/1-430x491.jpg 430w, https:\/\/ozsmtmekanik.com.tr\/wp-content\/uploads\/2021\/08\/1-150x171.jpg 150w, https:\/\/ozsmtmekanik.com.tr\/wp-content\/uploads\/2021\/08\/1-263x300.jpg 263w\" sizes=\"(max-width: 700px) 100vw, 700px\" \/>\t\t\t<\/div>\n\t\t\t\n\t\t<div class=\"wd-buttons wd-pos-r-t\">\n\t\t\t\t\t\t<div class=\"wd-add-btn wd-action-btn wd-style-icon wd-add-cart-icon\"><a href=\"https:\/\/ozsmtmekanik.com.tr\/index.php\/urun\/basinc-arttirici-1\/\" aria-describedby=\"woocommerce_loop_add_to_cart_link_describedby_232\" data-quantity=\"1\" class=\"button product_type_simple add-to-cart-loop\" data-product_id=\"232\" data-product_sku=\"\" aria-label=\"&ldquo;Bas\u0131n\u00e7 Artt\u0131r\u0131c\u0131 -1&rdquo; hakk\u0131nda daha fazla bilgi edinin\" rel=\"nofollow\" data-success_message=\"\"><span>Devam\u0131n\u0131 oku<\/span><\/a>\t<span id=\"woocommerce_loop_add_to_cart_link_describedby_232\" class=\"screen-reader-text\">\n\t\t\t<\/span>\n<\/div>\n\t\t\t\t\t<div class=\"quick-view wd-action-btn wd-style-icon wd-quick-view-icon\">\n\t\t\t<a\n\t\t\t\thref=\"https:\/\/ozsmtmekanik.com.tr\/index.php\/urun\/basinc-arttirici-1\/\"\n\t\t\t\tclass=\"open-quick-view quick-view-button\"\n\t\t\t\trel=\"nofollow\"\n\t\t\t\tdata-id=\"232\"\n\t\t\t\t>Quick view<\/a>\n\t\t<\/div>\n\t\t\t\t\t\t\t\t\t\t<\/div>\n\t<\/div>\n\n\t<div class=\"product-element-bottom\">\n\t\t<h3 class=\"wd-entities-title\"><a href=\"https:\/\/ozsmtmekanik.com.tr\/index.php\/urun\/basinc-arttirici-1\/\">Bas\u0131n\u00e7 Artt\u0131r\u0131c\u0131 -1<\/a><\/h3>\t\t\t\t<div class=\"wd-product-cats\">\n\t\t\t<a href=\"https:\/\/ozsmtmekanik.com.tr\/index.php\/urun-kategori\/basinc-arttiricilar\/\" rel=\"tag\">Bas\u0131n\u00e7 Artt\u0131r\u0131c\u0131lar<\/a>\t\t<\/div>\n\t\t\t\t\t\t\t\t\t\t\n\n\t\t\n\t\t\t\t\n\t\t\t<\/div>\n<\/div>\n<\/div>\n\t\t\t\t\t\t\t\t<div class=\"wd-product wd-hover-tiled wd-col product-grid-item product type-product post-29037 status-publish instock product_cat-basinc-arttiricilar has-post-thumbnail shipping-taxable product-type-simple\" data-loop=\"2\" data-id=\"29037\">\n\t\n\t\n<div class=\"product-wrapper\">\n\t<div class=\"product-element-top wd-quick-shop\">\n\t\t<a href=\"https:\/\/ozsmtmekanik.com.tr\/index.php\/urun\/basinc-arttirici-2\/\" class=\"product-image-link\" aria-label=\"Bas\u0131n\u00e7 Artt\u0131r\u0131c\u0131 -2\">\n\t\t\t<img decoding=\"async\" width=\"700\" height=\"800\" src=\"https:\/\/ozsmtmekanik.com.tr\/wp-content\/uploads\/2025\/08\/2.jpg\" class=\"attachment-large size-large\" alt=\"\" srcset=\"https:\/\/ozsmtmekanik.com.tr\/wp-content\/uploads\/2025\/08\/2.jpg 700w, https:\/\/ozsmtmekanik.com.tr\/wp-content\/uploads\/2025\/08\/2-430x491.jpg 430w, https:\/\/ozsmtmekanik.com.tr\/wp-content\/uploads\/2025\/08\/2-150x171.jpg 150w, https:\/\/ozsmtmekanik.com.tr\/wp-content\/uploads\/2025\/08\/2-263x300.jpg 263w\" sizes=\"(max-width: 700px) 100vw, 700px\" \/>\t\t<\/a>\n\n\t\t\t\t\t<div class=\"hover-img\">\n\t\t\t\t<img decoding=\"async\" width=\"700\" height=\"800\" src=\"https:\/\/ozsmtmekanik.com.tr\/wp-content\/uploads\/2025\/08\/2.jpg\" class=\"attachment-large size-large\" alt=\"\" srcset=\"https:\/\/ozsmtmekanik.com.tr\/wp-content\/uploads\/2025\/08\/2.jpg 700w, https:\/\/ozsmtmekanik.com.tr\/wp-content\/uploads\/2025\/08\/2-430x491.jpg 430w, https:\/\/ozsmtmekanik.com.tr\/wp-content\/uploads\/2025\/08\/2-150x171.jpg 150w, https:\/\/ozsmtmekanik.com.tr\/wp-content\/uploads\/2025\/08\/2-263x300.jpg 263w\" sizes=\"(max-width: 700px) 100vw, 700px\" \/>\t\t\t<\/div>\n\t\t\t\n\t\t<div class=\"wd-buttons wd-pos-r-t\">\n\t\t\t\t\t\t<div class=\"wd-add-btn wd-action-btn wd-style-icon wd-add-cart-icon\"><a href=\"https:\/\/ozsmtmekanik.com.tr\/index.php\/urun\/basinc-arttirici-2\/\" aria-describedby=\"woocommerce_loop_add_to_cart_link_describedby_29037\" data-quantity=\"1\" class=\"button product_type_simple add-to-cart-loop\" data-product_id=\"29037\" data-product_sku=\"\" aria-label=\"&ldquo;Bas\u0131n\u00e7 Artt\u0131r\u0131c\u0131 -2&rdquo; hakk\u0131nda daha fazla bilgi edinin\" rel=\"nofollow\" data-success_message=\"\"><span>Devam\u0131n\u0131 oku<\/span><\/a>\t<span id=\"woocommerce_loop_add_to_cart_link_describedby_29037\" class=\"screen-reader-text\">\n\t\t\t<\/span>\n<\/div>\n\t\t\t\t\t<div class=\"quick-view wd-action-btn wd-style-icon wd-quick-view-icon\">\n\t\t\t<a\n\t\t\t\thref=\"https:\/\/ozsmtmekanik.com.tr\/index.php\/urun\/basinc-arttirici-2\/\"\n\t\t\t\tclass=\"open-quick-view quick-view-button\"\n\t\t\t\trel=\"nofollow\"\n\t\t\t\tdata-id=\"29037\"\n\t\t\t\t>Quick view<\/a>\n\t\t<\/div>\n\t\t\t\t\t\t\t\t\t\t<\/div>\n\t<\/div>\n\n\t<div class=\"product-element-bottom\">\n\t\t<h3 class=\"wd-entities-title\"><a href=\"https:\/\/ozsmtmekanik.com.tr\/index.php\/urun\/basinc-arttirici-2\/\">Bas\u0131n\u00e7 Artt\u0131r\u0131c\u0131 -2<\/a><\/h3>\t\t\t\t<div class=\"wd-product-cats\">\n\t\t\t<a href=\"https:\/\/ozsmtmekanik.com.tr\/index.php\/urun-kategori\/basinc-arttiricilar\/\" rel=\"tag\">Bas\u0131n\u00e7 Artt\u0131r\u0131c\u0131lar<\/a>\t\t<\/div>\n\t\t\t\t\t\t\t\t\t\t\n\n\t\t\n\t\t\t\t\n\t\t\t<\/div>\n<\/div>\n<\/div>\n\t\t\t\t\t\t\t\t<div class=\"wd-product wd-hover-tiled wd-col product-grid-item product type-product post-29040 status-publish last instock product_cat-basinc-sartelleri has-post-thumbnail shipping-taxable product-type-simple\" data-loop=\"3\" data-id=\"29040\">\n\t\n\t\n<div class=\"product-wrapper\">\n\t<div class=\"product-element-top wd-quick-shop\">\n\t\t<a href=\"https:\/\/ozsmtmekanik.com.tr\/index.php\/urun\/basinc-salteri-1\/\" class=\"product-image-link\" aria-label=\"Bas\u0131n\u00e7 \u015ealteri &#8211; 1\">\n\t\t\t<img loading=\"lazy\" decoding=\"async\" width=\"700\" height=\"800\" src=\"https:\/\/ozsmtmekanik.com.tr\/wp-content\/uploads\/2025\/08\/1.jpg\" class=\"attachment-large size-large\" alt=\"\" srcset=\"https:\/\/ozsmtmekanik.com.tr\/wp-content\/uploads\/2025\/08\/1.jpg 700w, https:\/\/ozsmtmekanik.com.tr\/wp-content\/uploads\/2025\/08\/1-430x491.jpg 430w, https:\/\/ozsmtmekanik.com.tr\/wp-content\/uploads\/2025\/08\/1-150x171.jpg 150w, https:\/\/ozsmtmekanik.com.tr\/wp-content\/uploads\/2025\/08\/1-263x300.jpg 263w\" sizes=\"(max-width: 700px) 100vw, 700px\" \/>\t\t<\/a>\n\n\t\t\t\t\t<div class=\"hover-img\">\n\t\t\t\t<img loading=\"lazy\" decoding=\"async\" width=\"700\" height=\"800\" src=\"https:\/\/ozsmtmekanik.com.tr\/wp-content\/uploads\/2025\/08\/1.jpg\" class=\"attachment-large size-large\" alt=\"\" srcset=\"https:\/\/ozsmtmekanik.com.tr\/wp-content\/uploads\/2025\/08\/1.jpg 700w, https:\/\/ozsmtmekanik.com.tr\/wp-content\/uploads\/2025\/08\/1-430x491.jpg 430w, https:\/\/ozsmtmekanik.com.tr\/wp-content\/uploads\/2025\/08\/1-150x171.jpg 150w, https:\/\/ozsmtmekanik.com.tr\/wp-content\/uploads\/2025\/08\/1-263x300.jpg 263w\" sizes=\"(max-width: 700px) 100vw, 700px\" \/>\t\t\t<\/div>\n\t\t\t\n\t\t<div class=\"wd-buttons wd-pos-r-t\">\n\t\t\t\t\t\t<div class=\"wd-add-btn wd-action-btn wd-style-icon wd-add-cart-icon\"><a href=\"https:\/\/ozsmtmekanik.com.tr\/index.php\/urun\/basinc-salteri-1\/\" aria-describedby=\"woocommerce_loop_add_to_cart_link_describedby_29040\" data-quantity=\"1\" class=\"button product_type_simple add-to-cart-loop\" data-product_id=\"29040\" data-product_sku=\"\" aria-label=\"&ldquo;Bas\u0131n\u00e7 \u015ealteri - 1&rdquo; hakk\u0131nda daha fazla bilgi edinin\" rel=\"nofollow\" data-success_message=\"\"><span>Devam\u0131n\u0131 oku<\/span><\/a>\t<span id=\"woocommerce_loop_add_to_cart_link_describedby_29040\" class=\"screen-reader-text\">\n\t\t\t<\/span>\n<\/div>\n\t\t\t\t\t<div class=\"quick-view wd-action-btn wd-style-icon wd-quick-view-icon\">\n\t\t\t<a\n\t\t\t\thref=\"https:\/\/ozsmtmekanik.com.tr\/index.php\/urun\/basinc-salteri-1\/\"\n\t\t\t\tclass=\"open-quick-view quick-view-button\"\n\t\t\t\trel=\"nofollow\"\n\t\t\t\tdata-id=\"29040\"\n\t\t\t\t>Quick view<\/a>\n\t\t<\/div>\n\t\t\t\t\t\t\t\t\t\t<\/div>\n\t<\/div>\n\n\t<div class=\"product-element-bottom\">\n\t\t<h3 class=\"wd-entities-title\"><a href=\"https:\/\/ozsmtmekanik.com.tr\/index.php\/urun\/basinc-salteri-1\/\">Bas\u0131n\u00e7 \u015ealteri &#8211; 1<\/a><\/h3>\t\t\t\t<div class=\"wd-product-cats\">\n\t\t\t<a href=\"https:\/\/ozsmtmekanik.com.tr\/index.php\/urun-kategori\/basinc-sartelleri\/\" rel=\"tag\">Bas\u0131n\u00e7 \u015eartelleri<\/a>\t\t<\/div>\n\t\t\t\t\t\t\t\t\t\t\n\n\t\t\n\t\t\t\t\n\t\t\t<\/div>\n<\/div>\n<\/div>\n\t\t\t\t\t\t\t\t<div class=\"wd-product wd-hover-tiled wd-col product-grid-item product type-product post-29043 status-publish first instock product_cat-basinc-sartelleri has-post-thumbnail shipping-taxable product-type-simple\" data-loop=\"4\" data-id=\"29043\">\n\t\n\t\n<div class=\"product-wrapper\">\n\t<div class=\"product-element-top wd-quick-shop\">\n\t\t<a href=\"https:\/\/ozsmtmekanik.com.tr\/index.php\/urun\/basinc-salteri-2\/\" class=\"product-image-link\" aria-label=\"Bas\u0131n\u00e7 \u015ealteri &#8211; 2\">\n\t\t\t<img loading=\"lazy\" decoding=\"async\" width=\"700\" height=\"800\" src=\"https:\/\/ozsmtmekanik.com.tr\/wp-content\/uploads\/2025\/08\/2-1.jpg\" class=\"attachment-large size-large\" alt=\"\" srcset=\"https:\/\/ozsmtmekanik.com.tr\/wp-content\/uploads\/2025\/08\/2-1.jpg 700w, https:\/\/ozsmtmekanik.com.tr\/wp-content\/uploads\/2025\/08\/2-1-430x491.jpg 430w, https:\/\/ozsmtmekanik.com.tr\/wp-content\/uploads\/2025\/08\/2-1-150x171.jpg 150w, https:\/\/ozsmtmekanik.com.tr\/wp-content\/uploads\/2025\/08\/2-1-263x300.jpg 263w\" sizes=\"(max-width: 700px) 100vw, 700px\" \/>\t\t<\/a>\n\n\t\t\t\t\t<div class=\"hover-img\">\n\t\t\t\t<img loading=\"lazy\" decoding=\"async\" width=\"700\" height=\"800\" src=\"https:\/\/ozsmtmekanik.com.tr\/wp-content\/uploads\/2025\/08\/2-1.jpg\" class=\"attachment-large size-large\" alt=\"\" srcset=\"https:\/\/ozsmtmekanik.com.tr\/wp-content\/uploads\/2025\/08\/2-1.jpg 700w, https:\/\/ozsmtmekanik.com.tr\/wp-content\/uploads\/2025\/08\/2-1-430x491.jpg 430w, https:\/\/ozsmtmekanik.com.tr\/wp-content\/uploads\/2025\/08\/2-1-150x171.jpg 150w, https:\/\/ozsmtmekanik.com.tr\/wp-content\/uploads\/2025\/08\/2-1-263x300.jpg 263w\" sizes=\"(max-width: 700px) 100vw, 700px\" \/>\t\t\t<\/div>\n\t\t\t\n\t\t<div class=\"wd-buttons wd-pos-r-t\">\n\t\t\t\t\t\t<div class=\"wd-add-btn wd-action-btn wd-style-icon wd-add-cart-icon\"><a href=\"https:\/\/ozsmtmekanik.com.tr\/index.php\/urun\/basinc-salteri-2\/\" aria-describedby=\"woocommerce_loop_add_to_cart_link_describedby_29043\" data-quantity=\"1\" class=\"button product_type_simple add-to-cart-loop\" data-product_id=\"29043\" data-product_sku=\"\" aria-label=\"&ldquo;Bas\u0131n\u00e7 \u015ealteri - 2&rdquo; hakk\u0131nda daha fazla bilgi edinin\" rel=\"nofollow\" data-success_message=\"\"><span>Devam\u0131n\u0131 oku<\/span><\/a>\t<span id=\"woocommerce_loop_add_to_cart_link_describedby_29043\" class=\"screen-reader-text\">\n\t\t\t<\/span>\n<\/div>\n\t\t\t\t\t<div class=\"quick-view wd-action-btn wd-style-icon wd-quick-view-icon\">\n\t\t\t<a\n\t\t\t\thref=\"https:\/\/ozsmtmekanik.com.tr\/index.php\/urun\/basinc-salteri-2\/\"\n\t\t\t\tclass=\"open-quick-view quick-view-button\"\n\t\t\t\trel=\"nofollow\"\n\t\t\t\tdata-id=\"29043\"\n\t\t\t\t>Quick view<\/a>\n\t\t<\/div>\n\t\t\t\t\t\t\t\t\t\t<\/div>\n\t<\/div>\n\n\t<div class=\"product-element-bottom\">\n\t\t<h3 class=\"wd-entities-title\"><a href=\"https:\/\/ozsmtmekanik.com.tr\/index.php\/urun\/basinc-salteri-2\/\">Bas\u0131n\u00e7 \u015ealteri &#8211; 2<\/a><\/h3>\t\t\t\t<div class=\"wd-product-cats\">\n\t\t\t<a href=\"https:\/\/ozsmtmekanik.com.tr\/index.php\/urun-kategori\/basinc-sartelleri\/\" rel=\"tag\">Bas\u0131n\u00e7 \u015eartelleri<\/a>\t\t<\/div>\n\t\t\t\t\t\t\t\t\t\t\n\n\t\t\n\t\t\t\t\n\t\t\t<\/div>\n<\/div>\n<\/div>\n\t\t\n\t\t\t\t<\/div>\n\t\n\t\t\n\t\t\n\t\t\t\t\t<\/div>\n\t\t\n\t\t\t\t\t\t<\/div>\n\t\t\t\t<\/div>\n\t\t\t\t\t<\/div>\n\t\t\t\t<\/div>\n\t\t\t\t<\/div>\n\t\t","protected":false},"excerpt":{"rendered":"<p>HAKKIMIZDA Kaliteli \u00c7\u00f6z\u00fcmler, G\u00fc\u00e7l\u00fc Sistemler \u00d6Z SMT Mekanik olarak, mekanik tesisat ve pompa sistemlerinde g\u00fcvenilir, kaliteli ve \u00e7\u00f6z\u00fcm odakl\u0131 hizmet<\/p>\n","protected":false},"author":1,"featured_media":0,"parent":0,"menu_order":0,"comment_status":"closed","ping_status":"closed","template":"","meta":{"footnotes":""},"class_list":["post-4400","page","type-page","status-publish","hentry"],"_links":{"self":[{"href":"https:\/\/ozsmtmekanik.com.tr\/index.php\/wp-json\/wp\/v2\/pages\/4400","targetHints":{"allow":["GET"]}}],"collection":[{"href":"https:\/\/ozsmtmekanik.com.tr\/index.php\/wp-json\/wp\/v2\/pages"}],"about":[{"href":"https:\/\/ozsmtmekanik.com.tr\/index.php\/wp-json\/wp\/v2\/types\/page"}],"author":[{"embeddable":true,"href":"https:\/\/ozsmtmekanik.com.tr\/index.php\/wp-json\/wp\/v2\/users\/1"}],"replies":[{"embeddable":true,"href":"https:\/\/ozsmtmekanik.com.tr\/index.php\/wp-json\/wp\/v2\/comments?post=4400"}],"version-history":[{"count":7,"href":"https:\/\/ozsmtmekanik.com.tr\/index.php\/wp-json\/wp\/v2\/pages\/4400\/revisions"}],"predecessor-version":[{"id":29248,"href":"https:\/\/ozsmtmekanik.com.tr\/index.php\/wp-json\/wp\/v2\/pages\/4400\/revisions\/29248"}],"wp:attachment":[{"href":"https:\/\/ozsmtmekanik.com.tr\/index.php\/wp-json\/wp\/v2\/media?parent=4400"}],"curies":[{"name":"wp","href":"https:\/\/api.w.org\/{rel}","templated":true}]}}