{"id":29037,"date":"2025-08-15T14:53:56","date_gmt":"2025-08-15T11:53:56","guid":{"rendered":"https:\/\/ozsmtmekanik.com.tr\/?post_type=product&#038;p=29037"},"modified":"2025-08-15T14:54:33","modified_gmt":"2025-08-15T11:54:33","slug":"basinc-arttirici-2","status":"publish","type":"product","link":"https:\/\/ozsmtmekanik.com.tr\/index.php\/urun\/basinc-arttirici-2\/","title":{"rendered":"Bas\u0131n\u00e7 Artt\u0131r\u0131c\u0131 -2"},"content":{"rendered":"","protected":false},"excerpt":{"rendered":"<p>Bas\u0131n\u00e7 artt\u0131r\u0131c\u0131 sistemler; d\u00fc\u015f\u00fck su bas\u0131nc\u0131n\u0131 otomatik olarak alg\u0131lay\u0131p, y\u00fcksek verimli pompalar ile istenilen seviyeye \u00e7\u0131kararak s\u00fcrekli ve dengeli ak\u0131\u015f sa\u011flar.<\/p>\n","protected":false},"featured_media":29038,"comment_status":"closed","ping_status":"closed","template":"","meta":[],"product_brand":[],"product_cat":[72],"product_tag":[],"class_list":{"0":"post-29037","1":"product","2":"type-product","3":"status-publish","4":"has-post-thumbnail","6":"product_cat-basinc-arttiricilar","8":"first","9":"instock","10":"shipping-taxable","11":"product-type-simple"},"_links":{"self":[{"href":"https:\/\/ozsmtmekanik.com.tr\/index.php\/wp-json\/wp\/v2\/product\/29037","targetHints":{"allow":["GET"]}}],"collection":[{"href":"https:\/\/ozsmtmekanik.com.tr\/index.php\/wp-json\/wp\/v2\/product"}],"about":[{"href":"https:\/\/ozsmtmekanik.com.tr\/index.php\/wp-json\/wp\/v2\/types\/product"}],"replies":[{"embeddable":true,"href":"https:\/\/ozsmtmekanik.com.tr\/index.php\/wp-json\/wp\/v2\/comments?post=29037"}],"version-history":[{"count":1,"href":"https:\/\/ozsmtmekanik.com.tr\/index.php\/wp-json\/wp\/v2\/product\/29037\/revisions"}],"predecessor-version":[{"id":29039,"href":"https:\/\/ozsmtmekanik.com.tr\/index.php\/wp-json\/wp\/v2\/product\/29037\/revisions\/29039"}],"wp:featuredmedia":[{"embeddable":true,"href":"https:\/\/ozsmtmekanik.com.tr\/index.php\/wp-json\/wp\/v2\/media\/29038"}],"wp:attachment":[{"href":"https:\/\/ozsmtmekanik.com.tr\/index.php\/wp-json\/wp\/v2\/media?parent=29037"}],"wp:term":[{"taxonomy":"product_brand","embeddable":true,"href":"https:\/\/ozsmtmekanik.com.tr\/index.php\/wp-json\/wp\/v2\/product_brand?post=29037"},{"taxonomy":"product_cat","embeddable":true,"href":"https:\/\/ozsmtmekanik.com.tr\/index.php\/wp-json\/wp\/v2\/product_cat?post=29037"},{"taxonomy":"product_tag","embeddable":true,"href":"https:\/\/ozsmtmekanik.com.tr\/index.php\/wp-json\/wp\/v2\/product_tag?post=29037"}],"curies":[{"name":"wp","href":"https:\/\/api.w.org\/{rel}","templated":true}]}}