{"id":29050,"date":"2025-08-15T15:06:08","date_gmt":"2025-08-15T12:06:08","guid":{"rendered":"https:\/\/ozsmtmekanik.com.tr\/?post_type=product&#038;p=29050"},"modified":"2025-08-15T15:06:35","modified_gmt":"2025-08-15T12:06:35","slug":"dalgic-kontrol-panosu-2","status":"publish","type":"product","link":"https:\/\/ozsmtmekanik.com.tr\/index.php\/urun\/dalgic-kontrol-panosu-2\/","title":{"rendered":"Dalg\u0131\u00e7 Kontrol Panosu &#8211; 2"},"content":{"rendered":"","protected":false},"excerpt":{"rendered":"<p>Bas\u0131n\u00e7 artt\u0131r\u0131c\u0131 sistemler; d\u00fc\u015f\u00fck su bas\u0131nc\u0131n\u0131 otomatik olarak alg\u0131lay\u0131p, y\u00fcksek verimli pompalar ile istenilen seviyeye \u00e7\u0131kararak s\u00fcrekli ve dengeli ak\u0131\u015f sa\u011flar.<\/p>\n","protected":false},"featured_media":29051,"comment_status":"closed","ping_status":"closed","template":"","meta":[],"product_brand":[],"product_cat":[75],"product_tag":[],"class_list":{"0":"post-29050","1":"product","2":"type-product","3":"status-publish","4":"has-post-thumbnail","6":"product_cat-dalgic-kontrol-panolari","8":"first","9":"instock","10":"shipping-taxable","11":"product-type-simple"},"_links":{"self":[{"href":"https:\/\/ozsmtmekanik.com.tr\/index.php\/wp-json\/wp\/v2\/product\/29050","targetHints":{"allow":["GET"]}}],"collection":[{"href":"https:\/\/ozsmtmekanik.com.tr\/index.php\/wp-json\/wp\/v2\/product"}],"about":[{"href":"https:\/\/ozsmtmekanik.com.tr\/index.php\/wp-json\/wp\/v2\/types\/product"}],"replies":[{"embeddable":true,"href":"https:\/\/ozsmtmekanik.com.tr\/index.php\/wp-json\/wp\/v2\/comments?post=29050"}],"version-history":[{"count":2,"href":"https:\/\/ozsmtmekanik.com.tr\/index.php\/wp-json\/wp\/v2\/product\/29050\/revisions"}],"predecessor-version":[{"id":29053,"href":"https:\/\/ozsmtmekanik.com.tr\/index.php\/wp-json\/wp\/v2\/product\/29050\/revisions\/29053"}],"wp:featuredmedia":[{"embeddable":true,"href":"https:\/\/ozsmtmekanik.com.tr\/index.php\/wp-json\/wp\/v2\/media\/29051"}],"wp:attachment":[{"href":"https:\/\/ozsmtmekanik.com.tr\/index.php\/wp-json\/wp\/v2\/media?parent=29050"}],"wp:term":[{"taxonomy":"product_brand","embeddable":true,"href":"https:\/\/ozsmtmekanik.com.tr\/index.php\/wp-json\/wp\/v2\/product_brand?post=29050"},{"taxonomy":"product_cat","embeddable":true,"href":"https:\/\/ozsmtmekanik.com.tr\/index.php\/wp-json\/wp\/v2\/product_cat?post=29050"},{"taxonomy":"product_tag","embeddable":true,"href":"https:\/\/ozsmtmekanik.com.tr\/index.php\/wp-json\/wp\/v2\/product_tag?post=29050"}],"curies":[{"name":"wp","href":"https:\/\/api.w.org\/{rel}","templated":true}]}}