{"id":29090,"date":"2025-08-15T15:16:40","date_gmt":"2025-08-15T12:16:40","guid":{"rendered":"https:\/\/ozsmtmekanik.com.tr\/?post_type=product&#038;p=29090"},"modified":"2025-08-15T15:17:10","modified_gmt":"2025-08-15T12:17:10","slug":"dalgic-pompalar-10","status":"publish","type":"product","link":"https:\/\/ozsmtmekanik.com.tr\/index.php\/urun\/dalgic-pompalar-10\/","title":{"rendered":"Dalg\u0131\u00e7 Pompalar &#8211; 10"},"content":{"rendered":"","protected":false},"excerpt":{"rendered":"<p>Dalg\u0131\u00e7 pompalar, suyun i\u00e7inde \u00e7al\u0131\u015facak \u015fekilde tasarlanm\u0131\u015f, y\u00fcksek verimli ve g\u00fcvenilir pompalard\u0131r. Derin kuyular, sondajlar, drenaj sistemleri ve sulama gibi uygulamalarda kesintisiz performans sunar. Dayan\u0131kl\u0131 yap\u0131lar\u0131 sayesinde zorlu ko\u015fullarda uzun \u00f6m\u00fcrl\u00fc kullan\u0131m sa\u011flar.<\/p>\n","protected":false},"featured_media":29091,"comment_status":"closed","ping_status":"closed","template":"","meta":[],"product_brand":[],"product_cat":[76],"product_tag":[],"class_list":{"0":"post-29090","1":"product","2":"type-product","3":"status-publish","4":"has-post-thumbnail","6":"product_cat-dalgic-pompalar","8":"first","9":"instock","10":"shipping-taxable","11":"product-type-simple"},"_links":{"self":[{"href":"https:\/\/ozsmtmekanik.com.tr\/index.php\/wp-json\/wp\/v2\/product\/29090","targetHints":{"allow":["GET"]}}],"collection":[{"href":"https:\/\/ozsmtmekanik.com.tr\/index.php\/wp-json\/wp\/v2\/product"}],"about":[{"href":"https:\/\/ozsmtmekanik.com.tr\/index.php\/wp-json\/wp\/v2\/types\/product"}],"replies":[{"embeddable":true,"href":"https:\/\/ozsmtmekanik.com.tr\/index.php\/wp-json\/wp\/v2\/comments?post=29090"}],"version-history":[{"count":1,"href":"https:\/\/ozsmtmekanik.com.tr\/index.php\/wp-json\/wp\/v2\/product\/29090\/revisions"}],"predecessor-version":[{"id":29092,"href":"https:\/\/ozsmtmekanik.com.tr\/index.php\/wp-json\/wp\/v2\/product\/29090\/revisions\/29092"}],"wp:featuredmedia":[{"embeddable":true,"href":"https:\/\/ozsmtmekanik.com.tr\/index.php\/wp-json\/wp\/v2\/media\/29091"}],"wp:attachment":[{"href":"https:\/\/ozsmtmekanik.com.tr\/index.php\/wp-json\/wp\/v2\/media?parent=29090"}],"wp:term":[{"taxonomy":"product_brand","embeddable":true,"href":"https:\/\/ozsmtmekanik.com.tr\/index.php\/wp-json\/wp\/v2\/product_brand?post=29090"},{"taxonomy":"product_cat","embeddable":true,"href":"https:\/\/ozsmtmekanik.com.tr\/index.php\/wp-json\/wp\/v2\/product_cat?post=29090"},{"taxonomy":"product_tag","embeddable":true,"href":"https:\/\/ozsmtmekanik.com.tr\/index.php\/wp-json\/wp\/v2\/product_tag?post=29090"}],"curies":[{"name":"wp","href":"https:\/\/api.w.org\/{rel}","templated":true}]}}