{"id":29104,"date":"2025-08-15T15:19:55","date_gmt":"2025-08-15T12:19:55","guid":{"rendered":"https:\/\/ozsmtmekanik.com.tr\/?post_type=product&#038;p=29104"},"modified":"2025-08-15T15:20:55","modified_gmt":"2025-08-15T12:20:55","slug":"elektrikli-flator-1","status":"publish","type":"product","link":"https:\/\/ozsmtmekanik.com.tr\/index.php\/urun\/elektrikli-flator-1\/","title":{"rendered":"Elektrikli Flat\u00f6r &#8211; 1"},"content":{"rendered":"","protected":false},"excerpt":{"rendered":"<p>Elektrikli flat\u00f6r, su seviyesini otomatik olarak alg\u0131layarak pompan\u0131n \u00e7al\u0131\u015fmas\u0131n\u0131 kontrol eden pratik ve g\u00fcvenilir bir \u00e7\u00f6z\u00fcmd\u00fcr. Ta\u015fma veya kuru \u00e7al\u0131\u015fma riskini \u00f6nleyerek hem enerji tasarrufu sa\u011flar hem de ekipman \u00f6mr\u00fcn\u00fc uzat\u0131r.<\/p>\n","protected":false},"featured_media":29105,"comment_status":"closed","ping_status":"closed","template":"","meta":[],"product_brand":[],"product_cat":[77],"product_tag":[],"class_list":{"0":"post-29104","1":"product","2":"type-product","3":"status-publish","4":"has-post-thumbnail","6":"product_cat-elektrikli-flatorler","8":"first","9":"instock","10":"shipping-taxable","11":"product-type-simple"},"_links":{"self":[{"href":"https:\/\/ozsmtmekanik.com.tr\/index.php\/wp-json\/wp\/v2\/product\/29104","targetHints":{"allow":["GET"]}}],"collection":[{"href":"https:\/\/ozsmtmekanik.com.tr\/index.php\/wp-json\/wp\/v2\/product"}],"about":[{"href":"https:\/\/ozsmtmekanik.com.tr\/index.php\/wp-json\/wp\/v2\/types\/product"}],"replies":[{"embeddable":true,"href":"https:\/\/ozsmtmekanik.com.tr\/index.php\/wp-json\/wp\/v2\/comments?post=29104"}],"version-history":[{"count":2,"href":"https:\/\/ozsmtmekanik.com.tr\/index.php\/wp-json\/wp\/v2\/product\/29104\/revisions"}],"predecessor-version":[{"id":29108,"href":"https:\/\/ozsmtmekanik.com.tr\/index.php\/wp-json\/wp\/v2\/product\/29104\/revisions\/29108"}],"wp:featuredmedia":[{"embeddable":true,"href":"https:\/\/ozsmtmekanik.com.tr\/index.php\/wp-json\/wp\/v2\/media\/29105"}],"wp:attachment":[{"href":"https:\/\/ozsmtmekanik.com.tr\/index.php\/wp-json\/wp\/v2\/media?parent=29104"}],"wp:term":[{"taxonomy":"product_brand","embeddable":true,"href":"https:\/\/ozsmtmekanik.com.tr\/index.php\/wp-json\/wp\/v2\/product_brand?post=29104"},{"taxonomy":"product_cat","embeddable":true,"href":"https:\/\/ozsmtmekanik.com.tr\/index.php\/wp-json\/wp\/v2\/product_cat?post=29104"},{"taxonomy":"product_tag","embeddable":true,"href":"https:\/\/ozsmtmekanik.com.tr\/index.php\/wp-json\/wp\/v2\/product_tag?post=29104"}],"curies":[{"name":"wp","href":"https:\/\/api.w.org\/{rel}","templated":true}]}}