{"id":29109,"date":"2025-08-15T15:21:14","date_gmt":"2025-08-15T12:21:14","guid":{"rendered":"https:\/\/ozsmtmekanik.com.tr\/?post_type=product&#038;p=29109"},"modified":"2025-08-15T15:21:59","modified_gmt":"2025-08-15T12:21:59","slug":"genlesme-fleksi-1","status":"publish","type":"product","link":"https:\/\/ozsmtmekanik.com.tr\/index.php\/urun\/genlesme-fleksi-1\/","title":{"rendered":"Genle\u015fme Fleksi &#8211; 1"},"content":{"rendered":"","protected":false},"excerpt":{"rendered":"<p>Genle\u015fme fleksleri, tesisat sistemlerinde \u0131s\u0131 de\u011fi\u015fimleri ve titre\u015fimlerden kaynaklanan genle\u015fme hareketlerini absorbe ederek boru hatt\u0131n\u0131 koruyan esnek ba\u011flant\u0131 elemanlar\u0131d\u0131r. Dayan\u0131kl\u0131 yap\u0131lar\u0131yla uzun \u00f6m\u00fcrl\u00fc ve g\u00fcvenilir kullan\u0131m sa\u011flar.<\/p>\n","protected":false},"featured_media":29110,"comment_status":"closed","ping_status":"closed","template":"","meta":[],"product_brand":[],"product_cat":[78],"product_tag":[],"class_list":{"0":"post-29109","1":"product","2":"type-product","3":"status-publish","4":"has-post-thumbnail","6":"product_cat-genlesme-fleksleri","8":"first","9":"instock","10":"shipping-taxable","11":"product-type-simple"},"_links":{"self":[{"href":"https:\/\/ozsmtmekanik.com.tr\/index.php\/wp-json\/wp\/v2\/product\/29109","targetHints":{"allow":["GET"]}}],"collection":[{"href":"https:\/\/ozsmtmekanik.com.tr\/index.php\/wp-json\/wp\/v2\/product"}],"about":[{"href":"https:\/\/ozsmtmekanik.com.tr\/index.php\/wp-json\/wp\/v2\/types\/product"}],"replies":[{"embeddable":true,"href":"https:\/\/ozsmtmekanik.com.tr\/index.php\/wp-json\/wp\/v2\/comments?post=29109"}],"version-history":[{"count":1,"href":"https:\/\/ozsmtmekanik.com.tr\/index.php\/wp-json\/wp\/v2\/product\/29109\/revisions"}],"predecessor-version":[{"id":29111,"href":"https:\/\/ozsmtmekanik.com.tr\/index.php\/wp-json\/wp\/v2\/product\/29109\/revisions\/29111"}],"wp:featuredmedia":[{"embeddable":true,"href":"https:\/\/ozsmtmekanik.com.tr\/index.php\/wp-json\/wp\/v2\/media\/29110"}],"wp:attachment":[{"href":"https:\/\/ozsmtmekanik.com.tr\/index.php\/wp-json\/wp\/v2\/media?parent=29109"}],"wp:term":[{"taxonomy":"product_brand","embeddable":true,"href":"https:\/\/ozsmtmekanik.com.tr\/index.php\/wp-json\/wp\/v2\/product_brand?post=29109"},{"taxonomy":"product_cat","embeddable":true,"href":"https:\/\/ozsmtmekanik.com.tr\/index.php\/wp-json\/wp\/v2\/product_cat?post=29109"},{"taxonomy":"product_tag","embeddable":true,"href":"https:\/\/ozsmtmekanik.com.tr\/index.php\/wp-json\/wp\/v2\/product_tag?post=29109"}],"curies":[{"name":"wp","href":"https:\/\/api.w.org\/{rel}","templated":true}]}}