{"id":29121,"date":"2025-08-15T15:25:53","date_gmt":"2025-08-15T12:25:53","guid":{"rendered":"https:\/\/ozsmtmekanik.com.tr\/?post_type=product&#038;p=29121"},"modified":"2025-08-15T15:26:21","modified_gmt":"2025-08-15T12:26:21","slug":"havuz-pompasi-2","status":"publish","type":"product","link":"https:\/\/ozsmtmekanik.com.tr\/index.php\/urun\/havuz-pompasi-2\/","title":{"rendered":"Havuz Pompas\u0131 &#8211; 2"},"content":{"rendered":"","protected":false},"excerpt":{"rendered":"<p>Havuz pompalar\u0131, havuz suyunun s\u00fcrekli olarak filtrelerden ge\u00e7irilmesini sa\u011flayarak suyun temiz, berrak ve sa\u011fl\u0131kl\u0131 kalmas\u0131na yard\u0131mc\u0131 olur. Y\u00fcksek verimli motorlar\u0131 sayesinde enerji tasarrufu sunar, dayan\u0131kl\u0131 yap\u0131lar\u0131yla uzun s\u00fcre sorunsuz \u00e7al\u0131\u015f\u0131r. Hem \u00f6zel hem de ticari havuzlarda g\u00fcvenilir bir sirk\u00fclasyon \u00e7\u00f6z\u00fcm\u00fcd\u00fcr.<\/p>\n","protected":false},"featured_media":29122,"comment_status":"closed","ping_status":"closed","template":"","meta":[],"product_brand":[],"product_cat":[80],"product_tag":[],"class_list":{"0":"post-29121","1":"product","2":"type-product","3":"status-publish","4":"has-post-thumbnail","6":"product_cat-havuz-pompalari","8":"first","9":"instock","10":"shipping-taxable","11":"product-type-simple"},"_links":{"self":[{"href":"https:\/\/ozsmtmekanik.com.tr\/index.php\/wp-json\/wp\/v2\/product\/29121","targetHints":{"allow":["GET"]}}],"collection":[{"href":"https:\/\/ozsmtmekanik.com.tr\/index.php\/wp-json\/wp\/v2\/product"}],"about":[{"href":"https:\/\/ozsmtmekanik.com.tr\/index.php\/wp-json\/wp\/v2\/types\/product"}],"replies":[{"embeddable":true,"href":"https:\/\/ozsmtmekanik.com.tr\/index.php\/wp-json\/wp\/v2\/comments?post=29121"}],"version-history":[{"count":1,"href":"https:\/\/ozsmtmekanik.com.tr\/index.php\/wp-json\/wp\/v2\/product\/29121\/revisions"}],"predecessor-version":[{"id":29123,"href":"https:\/\/ozsmtmekanik.com.tr\/index.php\/wp-json\/wp\/v2\/product\/29121\/revisions\/29123"}],"wp:featuredmedia":[{"embeddable":true,"href":"https:\/\/ozsmtmekanik.com.tr\/index.php\/wp-json\/wp\/v2\/media\/29122"}],"wp:attachment":[{"href":"https:\/\/ozsmtmekanik.com.tr\/index.php\/wp-json\/wp\/v2\/media?parent=29121"}],"wp:term":[{"taxonomy":"product_brand","embeddable":true,"href":"https:\/\/ozsmtmekanik.com.tr\/index.php\/wp-json\/wp\/v2\/product_brand?post=29121"},{"taxonomy":"product_cat","embeddable":true,"href":"https:\/\/ozsmtmekanik.com.tr\/index.php\/wp-json\/wp\/v2\/product_cat?post=29121"},{"taxonomy":"product_tag","embeddable":true,"href":"https:\/\/ozsmtmekanik.com.tr\/index.php\/wp-json\/wp\/v2\/product_tag?post=29121"}],"curies":[{"name":"wp","href":"https:\/\/api.w.org\/{rel}","templated":true}]}}