{"id":29127,"date":"2025-08-15T15:27:44","date_gmt":"2025-08-15T12:27:44","guid":{"rendered":"https:\/\/ozsmtmekanik.com.tr\/?post_type=product&#038;p=29127"},"modified":"2025-08-15T15:28:49","modified_gmt":"2025-08-15T12:28:49","slug":"kademeli-pompa-1","status":"publish","type":"product","link":"https:\/\/ozsmtmekanik.com.tr\/index.php\/urun\/kademeli-pompa-1\/","title":{"rendered":"Kademeli Pompa &#8211; 1"},"content":{"rendered":"","protected":false},"excerpt":{"rendered":"<p>Kademeli pompalar, birden fazla \u00e7ark\u0131n ard\u0131\u015f\u0131k olarak \u00e7al\u0131\u015fmas\u0131yla y\u00fcksek bas\u0131n\u00e7 elde eden verimli pompalard\u0131r. \u00d6zellikle y\u00fcksek katl\u0131 binalar, end\u00fcstriyel tesisler ve uzun mesafeli su iletimlerinde g\u00fcvenilir performans sunar.<\/p>\n","protected":false},"featured_media":29128,"comment_status":"closed","ping_status":"closed","template":"","meta":[],"product_brand":[],"product_cat":[82],"product_tag":[],"class_list":{"0":"post-29127","1":"product","2":"type-product","3":"status-publish","4":"has-post-thumbnail","6":"product_cat-kademeli-pompalar","8":"first","9":"instock","10":"shipping-taxable","11":"product-type-simple"},"_links":{"self":[{"href":"https:\/\/ozsmtmekanik.com.tr\/index.php\/wp-json\/wp\/v2\/product\/29127","targetHints":{"allow":["GET"]}}],"collection":[{"href":"https:\/\/ozsmtmekanik.com.tr\/index.php\/wp-json\/wp\/v2\/product"}],"about":[{"href":"https:\/\/ozsmtmekanik.com.tr\/index.php\/wp-json\/wp\/v2\/types\/product"}],"replies":[{"embeddable":true,"href":"https:\/\/ozsmtmekanik.com.tr\/index.php\/wp-json\/wp\/v2\/comments?post=29127"}],"version-history":[{"count":1,"href":"https:\/\/ozsmtmekanik.com.tr\/index.php\/wp-json\/wp\/v2\/product\/29127\/revisions"}],"predecessor-version":[{"id":29129,"href":"https:\/\/ozsmtmekanik.com.tr\/index.php\/wp-json\/wp\/v2\/product\/29127\/revisions\/29129"}],"wp:featuredmedia":[{"embeddable":true,"href":"https:\/\/ozsmtmekanik.com.tr\/index.php\/wp-json\/wp\/v2\/media\/29128"}],"wp:attachment":[{"href":"https:\/\/ozsmtmekanik.com.tr\/index.php\/wp-json\/wp\/v2\/media?parent=29127"}],"wp:term":[{"taxonomy":"product_brand","embeddable":true,"href":"https:\/\/ozsmtmekanik.com.tr\/index.php\/wp-json\/wp\/v2\/product_brand?post=29127"},{"taxonomy":"product_cat","embeddable":true,"href":"https:\/\/ozsmtmekanik.com.tr\/index.php\/wp-json\/wp\/v2\/product_cat?post=29127"},{"taxonomy":"product_tag","embeddable":true,"href":"https:\/\/ozsmtmekanik.com.tr\/index.php\/wp-json\/wp\/v2\/product_tag?post=29127"}],"curies":[{"name":"wp","href":"https:\/\/api.w.org\/{rel}","templated":true}]}}