{"id":29173,"date":"2025-08-15T15:54:03","date_gmt":"2025-08-15T12:54:03","guid":{"rendered":"https:\/\/ozsmtmekanik.com.tr\/?post_type=product&#038;p=29173"},"modified":"2025-08-15T15:55:03","modified_gmt":"2025-08-15T12:55:03","slug":"sicak-su-aperesi-1","status":"publish","type":"product","link":"https:\/\/ozsmtmekanik.com.tr\/index.php\/urun\/sicak-su-aperesi-1\/","title":{"rendered":"S\u0131cak Su Aperesi &#8211; 1"},"content":{"rendered":"","protected":false},"excerpt":{"rendered":"<p>S\u0131cak su apereleri, tesisat sistemlerinde s\u0131cak suyun g\u00fcvenli ve kontroll\u00fc bir \u015fekilde da\u011f\u0131t\u0131lmas\u0131n\u0131 sa\u011flayan dayan\u0131kl\u0131 ve pratik ekipmanlard\u0131r. Bas\u0131n\u00e7 dalgalanmalar\u0131n\u0131 \u00f6nleyerek sistemin verimli \u00e7al\u0131\u015fmas\u0131na katk\u0131 sa\u011flar<\/p>\n","protected":false},"featured_media":29174,"comment_status":"closed","ping_status":"closed","template":"","meta":[],"product_brand":[],"product_cat":[85],"product_tag":[],"class_list":{"0":"post-29173","1":"product","2":"type-product","3":"status-publish","4":"has-post-thumbnail","6":"product_cat-sicak-su-apereleri","8":"first","9":"instock","10":"shipping-taxable","11":"product-type-simple"},"_links":{"self":[{"href":"https:\/\/ozsmtmekanik.com.tr\/index.php\/wp-json\/wp\/v2\/product\/29173","targetHints":{"allow":["GET"]}}],"collection":[{"href":"https:\/\/ozsmtmekanik.com.tr\/index.php\/wp-json\/wp\/v2\/product"}],"about":[{"href":"https:\/\/ozsmtmekanik.com.tr\/index.php\/wp-json\/wp\/v2\/types\/product"}],"replies":[{"embeddable":true,"href":"https:\/\/ozsmtmekanik.com.tr\/index.php\/wp-json\/wp\/v2\/comments?post=29173"}],"version-history":[{"count":1,"href":"https:\/\/ozsmtmekanik.com.tr\/index.php\/wp-json\/wp\/v2\/product\/29173\/revisions"}],"predecessor-version":[{"id":29175,"href":"https:\/\/ozsmtmekanik.com.tr\/index.php\/wp-json\/wp\/v2\/product\/29173\/revisions\/29175"}],"wp:featuredmedia":[{"embeddable":true,"href":"https:\/\/ozsmtmekanik.com.tr\/index.php\/wp-json\/wp\/v2\/media\/29174"}],"wp:attachment":[{"href":"https:\/\/ozsmtmekanik.com.tr\/index.php\/wp-json\/wp\/v2\/media?parent=29173"}],"wp:term":[{"taxonomy":"product_brand","embeddable":true,"href":"https:\/\/ozsmtmekanik.com.tr\/index.php\/wp-json\/wp\/v2\/product_brand?post=29173"},{"taxonomy":"product_cat","embeddable":true,"href":"https:\/\/ozsmtmekanik.com.tr\/index.php\/wp-json\/wp\/v2\/product_cat?post=29173"},{"taxonomy":"product_tag","embeddable":true,"href":"https:\/\/ozsmtmekanik.com.tr\/index.php\/wp-json\/wp\/v2\/product_tag?post=29173"}],"curies":[{"name":"wp","href":"https:\/\/api.w.org\/{rel}","templated":true}]}}