{"id":29176,"date":"2025-08-15T15:55:29","date_gmt":"2025-08-15T12:55:29","guid":{"rendered":"https:\/\/ozsmtmekanik.com.tr\/?post_type=product&#038;p=29176"},"modified":"2025-08-15T15:56:40","modified_gmt":"2025-08-15T12:56:40","slug":"sirkulasyon-pompasi-1","status":"publish","type":"product","link":"https:\/\/ozsmtmekanik.com.tr\/index.php\/urun\/sirkulasyon-pompasi-1\/","title":{"rendered":"Sirk\u00fclasyon Pompas\u0131 &#8211; 1"},"content":{"rendered":"","protected":false},"excerpt":{"rendered":"<p>Sirk\u00fclasyon pompalar\u0131, s\u0131cak veya so\u011fuk suyun sistem i\u00e7inde s\u00fcrekli dola\u015f\u0131m\u0131n\u0131 sa\u011flayarak enerji verimlili\u011fini art\u0131r\u0131r ve konforlu kullan\u0131m sunar. Dayan\u0131kl\u0131 yap\u0131s\u0131yla uzun \u00f6m\u00fcrl\u00fc ve g\u00fcvenilir bir \u00e7\u00f6z\u00fcm sa\u011flar.<\/p>\n","protected":false},"featured_media":29177,"comment_status":"closed","ping_status":"closed","template":"","meta":[],"product_brand":[],"product_cat":[86],"product_tag":[],"class_list":{"0":"post-29176","1":"product","2":"type-product","3":"status-publish","4":"has-post-thumbnail","6":"product_cat-sirkulasyon-pompalari","8":"first","9":"instock","10":"shipping-taxable","11":"product-type-simple"},"_links":{"self":[{"href":"https:\/\/ozsmtmekanik.com.tr\/index.php\/wp-json\/wp\/v2\/product\/29176","targetHints":{"allow":["GET"]}}],"collection":[{"href":"https:\/\/ozsmtmekanik.com.tr\/index.php\/wp-json\/wp\/v2\/product"}],"about":[{"href":"https:\/\/ozsmtmekanik.com.tr\/index.php\/wp-json\/wp\/v2\/types\/product"}],"replies":[{"embeddable":true,"href":"https:\/\/ozsmtmekanik.com.tr\/index.php\/wp-json\/wp\/v2\/comments?post=29176"}],"version-history":[{"count":3,"href":"https:\/\/ozsmtmekanik.com.tr\/index.php\/wp-json\/wp\/v2\/product\/29176\/revisions"}],"predecessor-version":[{"id":29180,"href":"https:\/\/ozsmtmekanik.com.tr\/index.php\/wp-json\/wp\/v2\/product\/29176\/revisions\/29180"}],"wp:featuredmedia":[{"embeddable":true,"href":"https:\/\/ozsmtmekanik.com.tr\/index.php\/wp-json\/wp\/v2\/media\/29177"}],"wp:attachment":[{"href":"https:\/\/ozsmtmekanik.com.tr\/index.php\/wp-json\/wp\/v2\/media?parent=29176"}],"wp:term":[{"taxonomy":"product_brand","embeddable":true,"href":"https:\/\/ozsmtmekanik.com.tr\/index.php\/wp-json\/wp\/v2\/product_brand?post=29176"},{"taxonomy":"product_cat","embeddable":true,"href":"https:\/\/ozsmtmekanik.com.tr\/index.php\/wp-json\/wp\/v2\/product_cat?post=29176"},{"taxonomy":"product_tag","embeddable":true,"href":"https:\/\/ozsmtmekanik.com.tr\/index.php\/wp-json\/wp\/v2\/product_tag?post=29176"}],"curies":[{"name":"wp","href":"https:\/\/api.w.org\/{rel}","templated":true}]}}