{"id":29205,"date":"2025-08-15T16:03:21","date_gmt":"2025-08-15T13:03:21","guid":{"rendered":"https:\/\/ozsmtmekanik.com.tr\/?post_type=product&#038;p=29205"},"modified":"2025-08-15T16:03:50","modified_gmt":"2025-08-15T13:03:50","slug":"surtme-fanli-pompa-6","status":"publish","type":"product","link":"https:\/\/ozsmtmekanik.com.tr\/index.php\/urun\/surtme-fanli-pompa-6\/","title":{"rendered":"S\u00fcrtme Fanl\u0131 Pompa &#8211; 6"},"content":{"rendered":"","protected":false},"excerpt":{"rendered":"<p>S\u00fcrtme fanl\u0131 pompalar, su ve di\u011fer s\u0131v\u0131lar\u0131n verimli \u015fekilde ta\u015f\u0131nmas\u0131n\u0131 sa\u011flayan, y\u00fcksek performansl\u0131 ve dayan\u0131kl\u0131 pompa sistemleridir. \u00d6zellikle end\u00fcstriyel uygulamalarda g\u00fcvenilir sirk\u00fclasyon \u00e7\u00f6z\u00fcm\u00fc sunar.<\/p>\n","protected":false},"featured_media":29206,"comment_status":"closed","ping_status":"closed","template":"","meta":[],"product_brand":[],"product_cat":[88],"product_tag":[],"class_list":{"0":"post-29205","1":"product","2":"type-product","3":"status-publish","4":"has-post-thumbnail","6":"product_cat-surtme-fanli-pompalar","8":"first","9":"instock","10":"shipping-taxable","11":"product-type-simple"},"_links":{"self":[{"href":"https:\/\/ozsmtmekanik.com.tr\/index.php\/wp-json\/wp\/v2\/product\/29205","targetHints":{"allow":["GET"]}}],"collection":[{"href":"https:\/\/ozsmtmekanik.com.tr\/index.php\/wp-json\/wp\/v2\/product"}],"about":[{"href":"https:\/\/ozsmtmekanik.com.tr\/index.php\/wp-json\/wp\/v2\/types\/product"}],"replies":[{"embeddable":true,"href":"https:\/\/ozsmtmekanik.com.tr\/index.php\/wp-json\/wp\/v2\/comments?post=29205"}],"version-history":[{"count":2,"href":"https:\/\/ozsmtmekanik.com.tr\/index.php\/wp-json\/wp\/v2\/product\/29205\/revisions"}],"predecessor-version":[{"id":29208,"href":"https:\/\/ozsmtmekanik.com.tr\/index.php\/wp-json\/wp\/v2\/product\/29205\/revisions\/29208"}],"wp:featuredmedia":[{"embeddable":true,"href":"https:\/\/ozsmtmekanik.com.tr\/index.php\/wp-json\/wp\/v2\/media\/29206"}],"wp:attachment":[{"href":"https:\/\/ozsmtmekanik.com.tr\/index.php\/wp-json\/wp\/v2\/media?parent=29205"}],"wp:term":[{"taxonomy":"product_brand","embeddable":true,"href":"https:\/\/ozsmtmekanik.com.tr\/index.php\/wp-json\/wp\/v2\/product_brand?post=29205"},{"taxonomy":"product_cat","embeddable":true,"href":"https:\/\/ozsmtmekanik.com.tr\/index.php\/wp-json\/wp\/v2\/product_cat?post=29205"},{"taxonomy":"product_tag","embeddable":true,"href":"https:\/\/ozsmtmekanik.com.tr\/index.php\/wp-json\/wp\/v2\/product_tag?post=29205"}],"curies":[{"name":"wp","href":"https:\/\/api.w.org\/{rel}","templated":true}]}}