{"id":29216,"date":"2025-08-15T16:05:48","date_gmt":"2025-08-15T13:05:48","guid":{"rendered":"https:\/\/ozsmtmekanik.com.tr\/?post_type=product&#038;p=29216"},"modified":"2025-08-15T16:06:14","modified_gmt":"2025-08-15T13:06:14","slug":"yangin-pompalari-3","status":"publish","type":"product","link":"https:\/\/ozsmtmekanik.com.tr\/index.php\/urun\/yangin-pompalari-3\/","title":{"rendered":"Yang\u0131n Pompalar\u0131 &#8211; 3"},"content":{"rendered":"","protected":false},"excerpt":{"rendered":"<p>Yang\u0131n pompalar\u0131, acil durumlarda y\u00fcksek bas\u0131n\u00e7l\u0131 su sa\u011flayarak yang\u0131n s\u00f6nd\u00fcrme sistemlerinin g\u00fcvenilir \u015fekilde \u00e7al\u0131\u015fmas\u0131n\u0131 garanti eder. Dayan\u0131kl\u0131 ve h\u0131zl\u0131 tepki veren tasar\u0131mlar\u0131yla can ve mal g\u00fcvenli\u011fini korur.<\/p>\n","protected":false},"featured_media":29217,"comment_status":"closed","ping_status":"closed","template":"","meta":[],"product_brand":[],"product_cat":[89],"product_tag":[],"class_list":{"0":"post-29216","1":"product","2":"type-product","3":"status-publish","4":"has-post-thumbnail","6":"product_cat-yangin-pompalari","8":"first","9":"instock","10":"shipping-taxable","11":"product-type-simple"},"_links":{"self":[{"href":"https:\/\/ozsmtmekanik.com.tr\/index.php\/wp-json\/wp\/v2\/product\/29216","targetHints":{"allow":["GET"]}}],"collection":[{"href":"https:\/\/ozsmtmekanik.com.tr\/index.php\/wp-json\/wp\/v2\/product"}],"about":[{"href":"https:\/\/ozsmtmekanik.com.tr\/index.php\/wp-json\/wp\/v2\/types\/product"}],"replies":[{"embeddable":true,"href":"https:\/\/ozsmtmekanik.com.tr\/index.php\/wp-json\/wp\/v2\/comments?post=29216"}],"version-history":[{"count":1,"href":"https:\/\/ozsmtmekanik.com.tr\/index.php\/wp-json\/wp\/v2\/product\/29216\/revisions"}],"predecessor-version":[{"id":29218,"href":"https:\/\/ozsmtmekanik.com.tr\/index.php\/wp-json\/wp\/v2\/product\/29216\/revisions\/29218"}],"wp:featuredmedia":[{"embeddable":true,"href":"https:\/\/ozsmtmekanik.com.tr\/index.php\/wp-json\/wp\/v2\/media\/29217"}],"wp:attachment":[{"href":"https:\/\/ozsmtmekanik.com.tr\/index.php\/wp-json\/wp\/v2\/media?parent=29216"}],"wp:term":[{"taxonomy":"product_brand","embeddable":true,"href":"https:\/\/ozsmtmekanik.com.tr\/index.php\/wp-json\/wp\/v2\/product_brand?post=29216"},{"taxonomy":"product_cat","embeddable":true,"href":"https:\/\/ozsmtmekanik.com.tr\/index.php\/wp-json\/wp\/v2\/product_cat?post=29216"},{"taxonomy":"product_tag","embeddable":true,"href":"https:\/\/ozsmtmekanik.com.tr\/index.php\/wp-json\/wp\/v2\/product_tag?post=29216"}],"curies":[{"name":"wp","href":"https:\/\/api.w.org\/{rel}","templated":true}]}}