{"id":29491,"date":"2025-08-19T13:17:04","date_gmt":"2025-08-19T10:17:04","guid":{"rendered":"https:\/\/ozsmtmekanik.com.tr\/?post_type=product&#038;p=29491"},"modified":"2025-08-19T13:33:34","modified_gmt":"2025-08-19T10:33:34","slug":"yangin-malzeme-dolabi","status":"publish","type":"product","link":"https:\/\/ozsmtmekanik.com.tr\/index.php\/urun\/yangin-malzeme-dolabi\/","title":{"rendered":"Yang\u0131n Malzeme Dolab\u0131"},"content":{"rendered":"","protected":false},"excerpt":{"rendered":"<p><strong data-start=\"0\" data-end=\"25\">Yang\u0131n Malzeme Dolab\u0131<\/strong>, yang\u0131n g\u00fcvenli\u011fini sa\u011flamak amac\u0131yla, yang\u0131nla m\u00fccadele ekipmanlar\u0131n\u0131 d\u00fczenli ve g\u00fcvenli bir \u015fekilde muhafaza etmek i\u00e7in tasarlanm\u0131\u015f pratik bir dolap sistemidir. Yang\u0131n malzemeleri, h\u0131zl\u0131 bir m\u00fcdahale i\u00e7in her zaman eri\u015filebilir olmal\u0131d\u0131r ve bu dolaplar, gerekli t\u00fcm ekipmanlar\u0131n g\u00fcvenli bir \u015fekilde depolanmas\u0131n\u0131 sa\u011flar.<\/p>\n","protected":false},"featured_media":29492,"comment_status":"closed","ping_status":"closed","template":"","meta":[],"product_brand":[],"product_cat":[92],"product_tag":[],"class_list":{"0":"post-29491","1":"product","2":"type-product","3":"status-publish","4":"has-post-thumbnail","6":"product_cat-yangin-malzeme-dolaplari","8":"first","9":"instock","10":"shipping-taxable","11":"product-type-simple"},"_links":{"self":[{"href":"https:\/\/ozsmtmekanik.com.tr\/index.php\/wp-json\/wp\/v2\/product\/29491","targetHints":{"allow":["GET"]}}],"collection":[{"href":"https:\/\/ozsmtmekanik.com.tr\/index.php\/wp-json\/wp\/v2\/product"}],"about":[{"href":"https:\/\/ozsmtmekanik.com.tr\/index.php\/wp-json\/wp\/v2\/types\/product"}],"replies":[{"embeddable":true,"href":"https:\/\/ozsmtmekanik.com.tr\/index.php\/wp-json\/wp\/v2\/comments?post=29491"}],"version-history":[{"count":3,"href":"https:\/\/ozsmtmekanik.com.tr\/index.php\/wp-json\/wp\/v2\/product\/29491\/revisions"}],"predecessor-version":[{"id":29506,"href":"https:\/\/ozsmtmekanik.com.tr\/index.php\/wp-json\/wp\/v2\/product\/29491\/revisions\/29506"}],"wp:featuredmedia":[{"embeddable":true,"href":"https:\/\/ozsmtmekanik.com.tr\/index.php\/wp-json\/wp\/v2\/media\/29492"}],"wp:attachment":[{"href":"https:\/\/ozsmtmekanik.com.tr\/index.php\/wp-json\/wp\/v2\/media?parent=29491"}],"wp:term":[{"taxonomy":"product_brand","embeddable":true,"href":"https:\/\/ozsmtmekanik.com.tr\/index.php\/wp-json\/wp\/v2\/product_brand?post=29491"},{"taxonomy":"product_cat","embeddable":true,"href":"https:\/\/ozsmtmekanik.com.tr\/index.php\/wp-json\/wp\/v2\/product_cat?post=29491"},{"taxonomy":"product_tag","embeddable":true,"href":"https:\/\/ozsmtmekanik.com.tr\/index.php\/wp-json\/wp\/v2\/product_tag?post=29491"}],"curies":[{"name":"wp","href":"https:\/\/api.w.org\/{rel}","templated":true}]}}