{"id":29494,"date":"2025-08-19T13:27:12","date_gmt":"2025-08-19T10:27:12","guid":{"rendered":"https:\/\/ozsmtmekanik.com.tr\/?post_type=product&#038;p=29494"},"modified":"2025-08-19T13:35:07","modified_gmt":"2025-08-19T10:35:07","slug":"yangin-dolabi-tuplu-kabin","status":"publish","type":"product","link":"https:\/\/ozsmtmekanik.com.tr\/index.php\/urun\/yangin-dolabi-tuplu-kabin\/","title":{"rendered":"Yang\u0131n T\u00fcp\u00fc Dolab\u0131 (Kabin)"},"content":{"rendered":"","protected":false},"excerpt":{"rendered":"<p>Yang\u0131n t\u00fcp\u00fc dolab\u0131 (sadece kabin), yang\u0131n s\u00f6nd\u00fcrme t\u00fcplerini g\u00fcvenli ve d\u00fczenli \u015fekilde saklamak i\u00e7in tasarlanm\u0131\u015f dayan\u0131kl\u0131 muhafaza \u00fcniteleridir. Estetik g\u00f6r\u00fcn\u00fcm\u00fc, kolay eri\u015fim imk\u00e2n\u0131 ve sa\u011flam yap\u0131s\u0131yla acil durumlarda h\u0131zl\u0131 m\u00fcdahaleye olanak sa\u011flar.<\/p>\n","protected":false},"featured_media":29495,"comment_status":"closed","ping_status":"closed","template":"","meta":[],"product_brand":[],"product_cat":[93],"product_tag":[],"class_list":{"0":"post-29494","1":"product","2":"type-product","3":"status-publish","4":"has-post-thumbnail","6":"product_cat-yangin-tupu-dolabi-kabinler","8":"first","9":"instock","10":"shipping-taxable","11":"product-type-simple"},"_links":{"self":[{"href":"https:\/\/ozsmtmekanik.com.tr\/index.php\/wp-json\/wp\/v2\/product\/29494","targetHints":{"allow":["GET"]}}],"collection":[{"href":"https:\/\/ozsmtmekanik.com.tr\/index.php\/wp-json\/wp\/v2\/product"}],"about":[{"href":"https:\/\/ozsmtmekanik.com.tr\/index.php\/wp-json\/wp\/v2\/types\/product"}],"replies":[{"embeddable":true,"href":"https:\/\/ozsmtmekanik.com.tr\/index.php\/wp-json\/wp\/v2\/comments?post=29494"}],"version-history":[{"count":2,"href":"https:\/\/ozsmtmekanik.com.tr\/index.php\/wp-json\/wp\/v2\/product\/29494\/revisions"}],"predecessor-version":[{"id":29507,"href":"https:\/\/ozsmtmekanik.com.tr\/index.php\/wp-json\/wp\/v2\/product\/29494\/revisions\/29507"}],"wp:featuredmedia":[{"embeddable":true,"href":"https:\/\/ozsmtmekanik.com.tr\/index.php\/wp-json\/wp\/v2\/media\/29495"}],"wp:attachment":[{"href":"https:\/\/ozsmtmekanik.com.tr\/index.php\/wp-json\/wp\/v2\/media?parent=29494"}],"wp:term":[{"taxonomy":"product_brand","embeddable":true,"href":"https:\/\/ozsmtmekanik.com.tr\/index.php\/wp-json\/wp\/v2\/product_brand?post=29494"},{"taxonomy":"product_cat","embeddable":true,"href":"https:\/\/ozsmtmekanik.com.tr\/index.php\/wp-json\/wp\/v2\/product_cat?post=29494"},{"taxonomy":"product_tag","embeddable":true,"href":"https:\/\/ozsmtmekanik.com.tr\/index.php\/wp-json\/wp\/v2\/product_tag?post=29494"}],"curies":[{"name":"wp","href":"https:\/\/api.w.org\/{rel}","templated":true}]}}