{"id":29497,"date":"2025-08-19T13:29:25","date_gmt":"2025-08-19T10:29:25","guid":{"rendered":"https:\/\/ozsmtmekanik.com.tr\/?post_type=product&#038;p=29497"},"modified":"2025-08-19T13:33:01","modified_gmt":"2025-08-19T10:33:01","slug":"tupsuz-yangin-dolabi","status":"publish","type":"product","link":"https:\/\/ozsmtmekanik.com.tr\/index.php\/urun\/tupsuz-yangin-dolabi\/","title":{"rendered":"T\u00fcps\u00fcz Yang\u0131n Dolab\u0131"},"content":{"rendered":"","protected":false},"excerpt":{"rendered":"<p>T\u00fcps\u00fcz yang\u0131n dolab\u0131, yang\u0131n g\u00fcvenli\u011fini art\u0131rmak amac\u0131yla tasarlanm\u0131\u015f, yang\u0131n s\u00f6nd\u00fcrme ekipmanlar\u0131n\u0131n d\u00fczenli ve eri\u015filebilir bir \u015fekilde muhafaza edilmesini sa\u011flayan pratik bir \u00fcr\u00fcnd\u00fcr. \u0130\u00e7erisinde yang\u0131n t\u00fcp\u00fc bulunmayan bu dolap yang\u0131n hortumu ekipmanlar\u0131 depolamak i\u00e7in ideal bir \u00e7\u00f6z\u00fcmd\u00fcr.<\/p>\n","protected":false},"featured_media":29498,"comment_status":"closed","ping_status":"closed","template":"","meta":[],"product_brand":[],"product_cat":[94],"product_tag":[],"class_list":{"0":"post-29497","1":"product","2":"type-product","3":"status-publish","4":"has-post-thumbnail","6":"product_cat-tupsuz-yangin-dolaplari","8":"first","9":"instock","10":"shipping-taxable","11":"product-type-simple"},"_links":{"self":[{"href":"https:\/\/ozsmtmekanik.com.tr\/index.php\/wp-json\/wp\/v2\/product\/29497","targetHints":{"allow":["GET"]}}],"collection":[{"href":"https:\/\/ozsmtmekanik.com.tr\/index.php\/wp-json\/wp\/v2\/product"}],"about":[{"href":"https:\/\/ozsmtmekanik.com.tr\/index.php\/wp-json\/wp\/v2\/types\/product"}],"replies":[{"embeddable":true,"href":"https:\/\/ozsmtmekanik.com.tr\/index.php\/wp-json\/wp\/v2\/comments?post=29497"}],"version-history":[{"count":2,"href":"https:\/\/ozsmtmekanik.com.tr\/index.php\/wp-json\/wp\/v2\/product\/29497\/revisions"}],"predecessor-version":[{"id":29505,"href":"https:\/\/ozsmtmekanik.com.tr\/index.php\/wp-json\/wp\/v2\/product\/29497\/revisions\/29505"}],"wp:featuredmedia":[{"embeddable":true,"href":"https:\/\/ozsmtmekanik.com.tr\/index.php\/wp-json\/wp\/v2\/media\/29498"}],"wp:attachment":[{"href":"https:\/\/ozsmtmekanik.com.tr\/index.php\/wp-json\/wp\/v2\/media?parent=29497"}],"wp:term":[{"taxonomy":"product_brand","embeddable":true,"href":"https:\/\/ozsmtmekanik.com.tr\/index.php\/wp-json\/wp\/v2\/product_brand?post=29497"},{"taxonomy":"product_cat","embeddable":true,"href":"https:\/\/ozsmtmekanik.com.tr\/index.php\/wp-json\/wp\/v2\/product_cat?post=29497"},{"taxonomy":"product_tag","embeddable":true,"href":"https:\/\/ozsmtmekanik.com.tr\/index.php\/wp-json\/wp\/v2\/product_tag?post=29497"}],"curies":[{"name":"wp","href":"https:\/\/api.w.org\/{rel}","templated":true}]}}