{"id":29500,"date":"2025-08-19T13:30:24","date_gmt":"2025-08-19T10:30:24","guid":{"rendered":"https:\/\/ozsmtmekanik.com.tr\/?post_type=product&#038;p=29500"},"modified":"2025-08-19T13:36:40","modified_gmt":"2025-08-19T10:36:40","slug":"tuplu-yangin-dolabi","status":"publish","type":"product","link":"https:\/\/ozsmtmekanik.com.tr\/index.php\/urun\/tuplu-yangin-dolabi\/","title":{"rendered":"T\u00fcpl\u00fc Yang\u0131n Dolab\u0131"},"content":{"rendered":"","protected":false},"excerpt":{"rendered":"<p>T\u00fcpl\u00fc yang\u0131n dolab\u0131, yang\u0131n an\u0131nda h\u0131zl\u0131 ve g\u00fcvenli bir m\u00fcdahale imkan\u0131 sunan, pratik ve etkili bir yang\u0131n g\u00fcvenlik \u00fcr\u00fcn\u00fcd\u00fcr. Hem i\u015f yerlerinde hem de evlerde kullan\u0131labilen bu dolaplar, yang\u0131n t\u00fcp\u00fcn\u00fc g\u00fcvenli bir \u015fekilde muhafaza ederken, yang\u0131n durumunda kolayca eri\u015filebilir olmas\u0131n\u0131 sa\u011flar.<\/p>\n","protected":false},"featured_media":29501,"comment_status":"closed","ping_status":"closed","template":"","meta":[],"product_brand":[],"product_cat":[96],"product_tag":[],"class_list":{"0":"post-29500","1":"product","2":"type-product","3":"status-publish","4":"has-post-thumbnail","6":"product_cat-tuplu-yangin-dolabi","8":"first","9":"instock","10":"shipping-taxable","11":"product-type-simple"},"_links":{"self":[{"href":"https:\/\/ozsmtmekanik.com.tr\/index.php\/wp-json\/wp\/v2\/product\/29500","targetHints":{"allow":["GET"]}}],"collection":[{"href":"https:\/\/ozsmtmekanik.com.tr\/index.php\/wp-json\/wp\/v2\/product"}],"about":[{"href":"https:\/\/ozsmtmekanik.com.tr\/index.php\/wp-json\/wp\/v2\/types\/product"}],"replies":[{"embeddable":true,"href":"https:\/\/ozsmtmekanik.com.tr\/index.php\/wp-json\/wp\/v2\/comments?post=29500"}],"version-history":[{"count":2,"href":"https:\/\/ozsmtmekanik.com.tr\/index.php\/wp-json\/wp\/v2\/product\/29500\/revisions"}],"predecessor-version":[{"id":29503,"href":"https:\/\/ozsmtmekanik.com.tr\/index.php\/wp-json\/wp\/v2\/product\/29500\/revisions\/29503"}],"wp:featuredmedia":[{"embeddable":true,"href":"https:\/\/ozsmtmekanik.com.tr\/index.php\/wp-json\/wp\/v2\/media\/29501"}],"wp:attachment":[{"href":"https:\/\/ozsmtmekanik.com.tr\/index.php\/wp-json\/wp\/v2\/media?parent=29500"}],"wp:term":[{"taxonomy":"product_brand","embeddable":true,"href":"https:\/\/ozsmtmekanik.com.tr\/index.php\/wp-json\/wp\/v2\/product_brand?post=29500"},{"taxonomy":"product_cat","embeddable":true,"href":"https:\/\/ozsmtmekanik.com.tr\/index.php\/wp-json\/wp\/v2\/product_cat?post=29500"},{"taxonomy":"product_tag","embeddable":true,"href":"https:\/\/ozsmtmekanik.com.tr\/index.php\/wp-json\/wp\/v2\/product_tag?post=29500"}],"curies":[{"name":"wp","href":"https:\/\/api.w.org\/{rel}","templated":true}]}}