{"id":29508,"date":"2025-08-19T13:35:15","date_gmt":"2025-08-19T10:35:15","guid":{"rendered":"https:\/\/ozsmtmekanik.com.tr\/?post_type=product&#038;p=29508"},"modified":"2025-08-19T13:36:02","modified_gmt":"2025-08-19T10:36:02","slug":"yangin-kapisi","status":"publish","type":"product","link":"https:\/\/ozsmtmekanik.com.tr\/index.php\/urun\/yangin-kapisi\/","title":{"rendered":"Yang\u0131n Kap\u0131s\u0131"},"content":{"rendered":"","protected":false},"excerpt":{"rendered":"<p>Yang\u0131n kap\u0131lar\u0131, olas\u0131 yang\u0131n durumlar\u0131nda alev ve duman\u0131n yay\u0131lmas\u0131n\u0131 engelleyerek g\u00fcvenli tahliye imk\u00e2n\u0131 sa\u011flayan \u00f6zel kap\u0131lard\u0131r. Dayan\u0131kl\u0131 yap\u0131s\u0131 ve y\u00fcksek \u0131s\u0131ya kar\u015f\u0131 diren\u00e7li \u00f6zellikleri sayesinde can ve mal g\u00fcvenli\u011finde kritik rol oynar.<\/p>\n","protected":false},"featured_media":29509,"comment_status":"closed","ping_status":"closed","template":"","meta":[],"product_brand":[],"product_cat":[95],"product_tag":[],"class_list":{"0":"post-29508","1":"product","2":"type-product","3":"status-publish","4":"has-post-thumbnail","6":"product_cat-yangin-kapilari","8":"first","9":"instock","10":"shipping-taxable","11":"product-type-simple"},"_links":{"self":[{"href":"https:\/\/ozsmtmekanik.com.tr\/index.php\/wp-json\/wp\/v2\/product\/29508","targetHints":{"allow":["GET"]}}],"collection":[{"href":"https:\/\/ozsmtmekanik.com.tr\/index.php\/wp-json\/wp\/v2\/product"}],"about":[{"href":"https:\/\/ozsmtmekanik.com.tr\/index.php\/wp-json\/wp\/v2\/types\/product"}],"replies":[{"embeddable":true,"href":"https:\/\/ozsmtmekanik.com.tr\/index.php\/wp-json\/wp\/v2\/comments?post=29508"}],"version-history":[{"count":1,"href":"https:\/\/ozsmtmekanik.com.tr\/index.php\/wp-json\/wp\/v2\/product\/29508\/revisions"}],"predecessor-version":[{"id":29510,"href":"https:\/\/ozsmtmekanik.com.tr\/index.php\/wp-json\/wp\/v2\/product\/29508\/revisions\/29510"}],"wp:featuredmedia":[{"embeddable":true,"href":"https:\/\/ozsmtmekanik.com.tr\/index.php\/wp-json\/wp\/v2\/media\/29509"}],"wp:attachment":[{"href":"https:\/\/ozsmtmekanik.com.tr\/index.php\/wp-json\/wp\/v2\/media?parent=29508"}],"wp:term":[{"taxonomy":"product_brand","embeddable":true,"href":"https:\/\/ozsmtmekanik.com.tr\/index.php\/wp-json\/wp\/v2\/product_brand?post=29508"},{"taxonomy":"product_cat","embeddable":true,"href":"https:\/\/ozsmtmekanik.com.tr\/index.php\/wp-json\/wp\/v2\/product_cat?post=29508"},{"taxonomy":"product_tag","embeddable":true,"href":"https:\/\/ozsmtmekanik.com.tr\/index.php\/wp-json\/wp\/v2\/product_tag?post=29508"}],"curies":[{"name":"wp","href":"https:\/\/api.w.org\/{rel}","templated":true}]}}