{"id":29511,"date":"2025-08-19T13:36:52","date_gmt":"2025-08-19T10:36:52","guid":{"rendered":"https:\/\/ozsmtmekanik.com.tr\/?post_type=product&#038;p=29511"},"modified":"2025-08-19T13:37:52","modified_gmt":"2025-08-19T10:37:52","slug":"camli-yangin-kapisi","status":"publish","type":"product","link":"https:\/\/ozsmtmekanik.com.tr\/index.php\/urun\/camli-yangin-kapisi\/","title":{"rendered":"Caml\u0131 Yang\u0131n Kap\u0131s\u0131"},"content":{"rendered":"","protected":false},"excerpt":{"rendered":"<p>Caml\u0131 yang\u0131n kap\u0131lar\u0131, yang\u0131na dayan\u0131kl\u0131 \u00f6zel cam ve \u00e7elik konstr\u00fcksiyon ile \u00fcretilmi\u015f, hem g\u00fcvenlik hem de estetik sunan kap\u0131lard\u0131r. Yang\u0131n an\u0131nda alev ve duman ge\u00e7i\u015fini engellerken, \u015feffaf yap\u0131s\u0131yla g\u00f6r\u00fc\u015f alan\u0131 sa\u011flar ve mek\u00e2nlara modern bir g\u00f6r\u00fcn\u00fcm kazand\u0131r\u0131r.<\/p>\n","protected":false},"featured_media":29512,"comment_status":"closed","ping_status":"closed","template":"","meta":[],"product_brand":[],"product_cat":[97],"product_tag":[],"class_list":{"0":"post-29511","1":"product","2":"type-product","3":"status-publish","4":"has-post-thumbnail","6":"product_cat-camli-yangin-kapilari","8":"first","9":"instock","10":"shipping-taxable","11":"product-type-simple"},"_links":{"self":[{"href":"https:\/\/ozsmtmekanik.com.tr\/index.php\/wp-json\/wp\/v2\/product\/29511","targetHints":{"allow":["GET"]}}],"collection":[{"href":"https:\/\/ozsmtmekanik.com.tr\/index.php\/wp-json\/wp\/v2\/product"}],"about":[{"href":"https:\/\/ozsmtmekanik.com.tr\/index.php\/wp-json\/wp\/v2\/types\/product"}],"replies":[{"embeddable":true,"href":"https:\/\/ozsmtmekanik.com.tr\/index.php\/wp-json\/wp\/v2\/comments?post=29511"}],"version-history":[{"count":1,"href":"https:\/\/ozsmtmekanik.com.tr\/index.php\/wp-json\/wp\/v2\/product\/29511\/revisions"}],"predecessor-version":[{"id":29513,"href":"https:\/\/ozsmtmekanik.com.tr\/index.php\/wp-json\/wp\/v2\/product\/29511\/revisions\/29513"}],"wp:featuredmedia":[{"embeddable":true,"href":"https:\/\/ozsmtmekanik.com.tr\/index.php\/wp-json\/wp\/v2\/media\/29512"}],"wp:attachment":[{"href":"https:\/\/ozsmtmekanik.com.tr\/index.php\/wp-json\/wp\/v2\/media?parent=29511"}],"wp:term":[{"taxonomy":"product_brand","embeddable":true,"href":"https:\/\/ozsmtmekanik.com.tr\/index.php\/wp-json\/wp\/v2\/product_brand?post=29511"},{"taxonomy":"product_cat","embeddable":true,"href":"https:\/\/ozsmtmekanik.com.tr\/index.php\/wp-json\/wp\/v2\/product_cat?post=29511"},{"taxonomy":"product_tag","embeddable":true,"href":"https:\/\/ozsmtmekanik.com.tr\/index.php\/wp-json\/wp\/v2\/product_tag?post=29511"}],"curies":[{"name":"wp","href":"https:\/\/api.w.org\/{rel}","templated":true}]}}