{"id":29514,"date":"2025-08-19T13:38:03","date_gmt":"2025-08-19T10:38:03","guid":{"rendered":"https:\/\/ozsmtmekanik.com.tr\/?post_type=product&#038;p=29514"},"modified":"2025-08-19T13:39:10","modified_gmt":"2025-08-19T10:39:10","slug":"cift-kanat-yangin-kapisi","status":"publish","type":"product","link":"https:\/\/ozsmtmekanik.com.tr\/index.php\/urun\/cift-kanat-yangin-kapisi\/","title":{"rendered":"\u00c7ift Kanat Yang\u0131n Kap\u0131s\u0131"},"content":{"rendered":"","protected":false},"excerpt":{"rendered":"<p>\u00c7ift kanat yang\u0131n kap\u0131lar\u0131, geni\u015f a\u00e7\u0131kl\u0131klarda kullan\u0131lan, yang\u0131na kar\u015f\u0131 maksimum g\u00fcvenlik sa\u011flayan kap\u0131 sistemleridir. Y\u00fcksek \u0131s\u0131ya dayan\u0131kl\u0131 yap\u0131lar\u0131 sayesinde yang\u0131n ve duman\u0131n yay\u0131lmas\u0131n\u0131 \u00f6nler, h\u0131zl\u0131 tahliye imk\u00e2n\u0131 sunarak can ve mal g\u00fcvenli\u011fini korur.<\/p>\n","protected":false},"featured_media":29515,"comment_status":"closed","ping_status":"closed","template":"","meta":[],"product_brand":[],"product_cat":[98],"product_tag":[],"class_list":{"0":"post-29514","1":"product","2":"type-product","3":"status-publish","4":"has-post-thumbnail","6":"product_cat-cift-kanat-yangin-kapilari","8":"first","9":"instock","10":"shipping-taxable","11":"product-type-simple"},"_links":{"self":[{"href":"https:\/\/ozsmtmekanik.com.tr\/index.php\/wp-json\/wp\/v2\/product\/29514","targetHints":{"allow":["GET"]}}],"collection":[{"href":"https:\/\/ozsmtmekanik.com.tr\/index.php\/wp-json\/wp\/v2\/product"}],"about":[{"href":"https:\/\/ozsmtmekanik.com.tr\/index.php\/wp-json\/wp\/v2\/types\/product"}],"replies":[{"embeddable":true,"href":"https:\/\/ozsmtmekanik.com.tr\/index.php\/wp-json\/wp\/v2\/comments?post=29514"}],"version-history":[{"count":1,"href":"https:\/\/ozsmtmekanik.com.tr\/index.php\/wp-json\/wp\/v2\/product\/29514\/revisions"}],"predecessor-version":[{"id":29516,"href":"https:\/\/ozsmtmekanik.com.tr\/index.php\/wp-json\/wp\/v2\/product\/29514\/revisions\/29516"}],"wp:featuredmedia":[{"embeddable":true,"href":"https:\/\/ozsmtmekanik.com.tr\/index.php\/wp-json\/wp\/v2\/media\/29515"}],"wp:attachment":[{"href":"https:\/\/ozsmtmekanik.com.tr\/index.php\/wp-json\/wp\/v2\/media?parent=29514"}],"wp:term":[{"taxonomy":"product_brand","embeddable":true,"href":"https:\/\/ozsmtmekanik.com.tr\/index.php\/wp-json\/wp\/v2\/product_brand?post=29514"},{"taxonomy":"product_cat","embeddable":true,"href":"https:\/\/ozsmtmekanik.com.tr\/index.php\/wp-json\/wp\/v2\/product_cat?post=29514"},{"taxonomy":"product_tag","embeddable":true,"href":"https:\/\/ozsmtmekanik.com.tr\/index.php\/wp-json\/wp\/v2\/product_tag?post=29514"}],"curies":[{"name":"wp","href":"https:\/\/api.w.org\/{rel}","templated":true}]}}