{"id":29521,"date":"2025-08-19T13:40:42","date_gmt":"2025-08-19T10:40:42","guid":{"rendered":"https:\/\/ozsmtmekanik.com.tr\/?post_type=product&#038;p=29521"},"modified":"2025-08-19T13:41:30","modified_gmt":"2025-08-19T10:41:30","slug":"panik-bar","status":"publish","type":"product","link":"https:\/\/ozsmtmekanik.com.tr\/index.php\/urun\/panik-bar\/","title":{"rendered":"Panik Bar"},"content":{"rendered":"","protected":false},"excerpt":{"rendered":"<p>Panik bar, acil durumlarda kap\u0131lar\u0131n h\u0131zl\u0131 ve kolayca a\u00e7\u0131lmas\u0131n\u0131 sa\u011flayan g\u00fcvenlik donan\u0131m\u0131d\u0131r. Kullan\u0131c\u0131lar\u0131n tek hamlede \u00e7\u0131k\u0131\u015f yapmas\u0131na imk\u00e2n tan\u0131r, \u00f6zellikle yang\u0131n kap\u0131lar\u0131nda can g\u00fcvenli\u011fi i\u00e7in hayati \u00f6nem ta\u015f\u0131r.<\/p>\n","protected":false},"featured_media":29522,"comment_status":"closed","ping_status":"closed","template":"","meta":[],"product_brand":[],"product_cat":[100],"product_tag":[],"class_list":{"0":"post-29521","1":"product","2":"type-product","3":"status-publish","4":"has-post-thumbnail","6":"product_cat-panik-bar","8":"first","9":"instock","10":"shipping-taxable","11":"product-type-simple"},"_links":{"self":[{"href":"https:\/\/ozsmtmekanik.com.tr\/index.php\/wp-json\/wp\/v2\/product\/29521","targetHints":{"allow":["GET"]}}],"collection":[{"href":"https:\/\/ozsmtmekanik.com.tr\/index.php\/wp-json\/wp\/v2\/product"}],"about":[{"href":"https:\/\/ozsmtmekanik.com.tr\/index.php\/wp-json\/wp\/v2\/types\/product"}],"replies":[{"embeddable":true,"href":"https:\/\/ozsmtmekanik.com.tr\/index.php\/wp-json\/wp\/v2\/comments?post=29521"}],"version-history":[{"count":1,"href":"https:\/\/ozsmtmekanik.com.tr\/index.php\/wp-json\/wp\/v2\/product\/29521\/revisions"}],"predecessor-version":[{"id":29523,"href":"https:\/\/ozsmtmekanik.com.tr\/index.php\/wp-json\/wp\/v2\/product\/29521\/revisions\/29523"}],"wp:featuredmedia":[{"embeddable":true,"href":"https:\/\/ozsmtmekanik.com.tr\/index.php\/wp-json\/wp\/v2\/media\/29522"}],"wp:attachment":[{"href":"https:\/\/ozsmtmekanik.com.tr\/index.php\/wp-json\/wp\/v2\/media?parent=29521"}],"wp:term":[{"taxonomy":"product_brand","embeddable":true,"href":"https:\/\/ozsmtmekanik.com.tr\/index.php\/wp-json\/wp\/v2\/product_brand?post=29521"},{"taxonomy":"product_cat","embeddable":true,"href":"https:\/\/ozsmtmekanik.com.tr\/index.php\/wp-json\/wp\/v2\/product_cat?post=29521"},{"taxonomy":"product_tag","embeddable":true,"href":"https:\/\/ozsmtmekanik.com.tr\/index.php\/wp-json\/wp\/v2\/product_tag?post=29521"}],"curies":[{"name":"wp","href":"https:\/\/api.w.org\/{rel}","templated":true}]}}