{"id":29524,"date":"2025-08-19T13:41:39","date_gmt":"2025-08-19T10:41:39","guid":{"rendered":"https:\/\/ozsmtmekanik.com.tr\/?post_type=product&#038;p=29524"},"modified":"2025-08-19T13:42:31","modified_gmt":"2025-08-19T10:42:31","slug":"yangin-kapisi-kolu","status":"publish","type":"product","link":"https:\/\/ozsmtmekanik.com.tr\/index.php\/urun\/yangin-kapisi-kolu\/","title":{"rendered":"Yang\u0131n Kap\u0131s\u0131 Kolu"},"content":{"rendered":"","protected":false},"excerpt":{"rendered":"<p>Yang\u0131n kap\u0131s\u0131 kollar\u0131, acil durumlarda g\u00fcvenli ve h\u0131zl\u0131 \u00e7\u0131k\u0131\u015f sa\u011flamak i\u00e7in \u00f6zel olarak tasarlanm\u0131\u015f dayan\u0131kl\u0131 donan\u0131mlard\u0131r. Is\u0131ya ve darbeye kar\u015f\u0131 diren\u00e7li yap\u0131lar\u0131yla yang\u0131n kap\u0131lar\u0131nda uzun \u00f6m\u00fcrl\u00fc kullan\u0131m sunar, g\u00fcvenlik standartlar\u0131na uygun \u00e7\u00f6z\u00fcmler sa\u011flar.<\/p>\n","protected":false},"featured_media":29525,"comment_status":"closed","ping_status":"closed","template":"","meta":[],"product_brand":[],"product_cat":[101],"product_tag":[],"class_list":{"0":"post-29524","1":"product","2":"type-product","3":"status-publish","4":"has-post-thumbnail","6":"product_cat-yangin-kapisi-kollari","8":"first","9":"instock","10":"shipping-taxable","11":"product-type-simple"},"_links":{"self":[{"href":"https:\/\/ozsmtmekanik.com.tr\/index.php\/wp-json\/wp\/v2\/product\/29524","targetHints":{"allow":["GET"]}}],"collection":[{"href":"https:\/\/ozsmtmekanik.com.tr\/index.php\/wp-json\/wp\/v2\/product"}],"about":[{"href":"https:\/\/ozsmtmekanik.com.tr\/index.php\/wp-json\/wp\/v2\/types\/product"}],"replies":[{"embeddable":true,"href":"https:\/\/ozsmtmekanik.com.tr\/index.php\/wp-json\/wp\/v2\/comments?post=29524"}],"version-history":[{"count":1,"href":"https:\/\/ozsmtmekanik.com.tr\/index.php\/wp-json\/wp\/v2\/product\/29524\/revisions"}],"predecessor-version":[{"id":29526,"href":"https:\/\/ozsmtmekanik.com.tr\/index.php\/wp-json\/wp\/v2\/product\/29524\/revisions\/29526"}],"wp:featuredmedia":[{"embeddable":true,"href":"https:\/\/ozsmtmekanik.com.tr\/index.php\/wp-json\/wp\/v2\/media\/29525"}],"wp:attachment":[{"href":"https:\/\/ozsmtmekanik.com.tr\/index.php\/wp-json\/wp\/v2\/media?parent=29524"}],"wp:term":[{"taxonomy":"product_brand","embeddable":true,"href":"https:\/\/ozsmtmekanik.com.tr\/index.php\/wp-json\/wp\/v2\/product_brand?post=29524"},{"taxonomy":"product_cat","embeddable":true,"href":"https:\/\/ozsmtmekanik.com.tr\/index.php\/wp-json\/wp\/v2\/product_cat?post=29524"},{"taxonomy":"product_tag","embeddable":true,"href":"https:\/\/ozsmtmekanik.com.tr\/index.php\/wp-json\/wp\/v2\/product_tag?post=29524"}],"curies":[{"name":"wp","href":"https:\/\/api.w.org\/{rel}","templated":true}]}}