{"id":29527,"date":"2025-08-19T13:42:41","date_gmt":"2025-08-19T10:42:41","guid":{"rendered":"https:\/\/ozsmtmekanik.com.tr\/?post_type=product&#038;p=29527"},"modified":"2025-08-19T13:43:40","modified_gmt":"2025-08-19T10:43:40","slug":"kapi-hidroligi","status":"publish","type":"product","link":"https:\/\/ozsmtmekanik.com.tr\/index.php\/urun\/kapi-hidroligi\/","title":{"rendered":"Kap\u0131 Hidroli\u011fi"},"content":{"rendered":"","protected":false},"excerpt":{"rendered":"<p>Kap\u0131 hidrolikleri, kap\u0131lar\u0131n kontroll\u00fc ve sessiz bir \u015fekilde kapanmas\u0131n\u0131 sa\u011flayan mekanizmalard\u0131r. \u00d6zellikle yang\u0131n kap\u0131lar\u0131nda g\u00fcvenlik a\u00e7\u0131s\u0131ndan zorunlu olup, dayan\u0131kl\u0131 yap\u0131lar\u0131 sayesinde uzun s\u00fcre sorunsuz kullan\u0131m sunar.<\/p>\n","protected":false},"featured_media":29528,"comment_status":"closed","ping_status":"closed","template":"","meta":[],"product_brand":[],"product_cat":[102],"product_tag":[],"class_list":{"0":"post-29527","1":"product","2":"type-product","3":"status-publish","4":"has-post-thumbnail","6":"product_cat-kapi-hidrolikleri","8":"first","9":"instock","10":"shipping-taxable","11":"product-type-simple"},"_links":{"self":[{"href":"https:\/\/ozsmtmekanik.com.tr\/index.php\/wp-json\/wp\/v2\/product\/29527","targetHints":{"allow":["GET"]}}],"collection":[{"href":"https:\/\/ozsmtmekanik.com.tr\/index.php\/wp-json\/wp\/v2\/product"}],"about":[{"href":"https:\/\/ozsmtmekanik.com.tr\/index.php\/wp-json\/wp\/v2\/types\/product"}],"replies":[{"embeddable":true,"href":"https:\/\/ozsmtmekanik.com.tr\/index.php\/wp-json\/wp\/v2\/comments?post=29527"}],"version-history":[{"count":1,"href":"https:\/\/ozsmtmekanik.com.tr\/index.php\/wp-json\/wp\/v2\/product\/29527\/revisions"}],"predecessor-version":[{"id":29530,"href":"https:\/\/ozsmtmekanik.com.tr\/index.php\/wp-json\/wp\/v2\/product\/29527\/revisions\/29530"}],"wp:featuredmedia":[{"embeddable":true,"href":"https:\/\/ozsmtmekanik.com.tr\/index.php\/wp-json\/wp\/v2\/media\/29528"}],"wp:attachment":[{"href":"https:\/\/ozsmtmekanik.com.tr\/index.php\/wp-json\/wp\/v2\/media?parent=29527"}],"wp:term":[{"taxonomy":"product_brand","embeddable":true,"href":"https:\/\/ozsmtmekanik.com.tr\/index.php\/wp-json\/wp\/v2\/product_brand?post=29527"},{"taxonomy":"product_cat","embeddable":true,"href":"https:\/\/ozsmtmekanik.com.tr\/index.php\/wp-json\/wp\/v2\/product_cat?post=29527"},{"taxonomy":"product_tag","embeddable":true,"href":"https:\/\/ozsmtmekanik.com.tr\/index.php\/wp-json\/wp\/v2\/product_tag?post=29527"}],"curies":[{"name":"wp","href":"https:\/\/api.w.org\/{rel}","templated":true}]}}